

{"id":3203,"date":"2025-08-12T06:48:21","date_gmt":"2025-08-12T06:48:21","guid":{"rendered":"https:\/\/worldspayfi.com\/?page_id=3203"},"modified":"2025-10-30T12:04:24","modified_gmt":"2025-10-30T12:04:24","slug":"general-disclaimer-wpfi-pte-ltd","status":"publish","type":"page","link":"https:\/\/dashboard.globalpay.top\/fr\/general-disclaimer-wpfi-pte-ltd\/","title":{"rendered":"CLAUSE DE NON-RESPONSABILIT\u00c9 G\u00c9N\u00c9RALE WPFI PTE. LTD."},"content":{"rendered":"<style>.wp-block-kadence-advancedheading.kt-adv-heading3203_19e574-1e, .wp-block-kadence-advancedheading.kt-adv-heading3203_19e574-1e[data-kb-block=\"kb-adv-heading3203_19e574-1e\"]{display:block;font-style:normal;}.wp-block-kadence-advancedheading.kt-adv-heading3203_19e574-1e mark.kt-highlight, .wp-block-kadence-advancedheading.kt-adv-heading3203_19e574-1e[data-kb-block=\"kb-adv-heading3203_19e574-1e\"] mark.kt-highlight{font-style:normal;color:#f76a0c;-webkit-box-decoration-break:clone;box-decoration-break:clone;padding-top:0px;padding-right:0px;padding-bottom:0px;padding-left:0px;}<\/style>\n<span class=\"kt-adv-heading3203_19e574-1e wp-block-kadence-advancedheading\" data-kb-block=\"kb-adv-heading3203_19e574-1e\"><strong>1. INTRODUCTION<\/strong><br>Le pr\u00e9sent avis de non-responsabilit\u00e9 g\u00e9n\u00e9rale (\u201c<strong>Clause de non-responsabilit\u00e9<\/strong>\u201d) est contraignante pour toute personne physique ou morale (\u201c<strong>Vous<\/strong>\u201d) qui sont redirig\u00e9s vers une page web de paiement, une application et\/ou un logiciel pour y inclure vos informations de paiement et o\u00f9 le pr\u00e9sent avis de non-responsabilit\u00e9 est affich\u00e9.<br>Le pr\u00e9sent avis de non-responsabilit\u00e9, ainsi que l'avis de traitement des donn\u00e9es figurant \u00e0 l'article 9 ci-dessous, r\u00e9gissent la solution de paiement int\u00e9gr\u00e9e de WorldsPayFI, optimis\u00e9e pour fournir au commer\u00e7ant auquel Vous achetez des biens ou des services la meilleure exp\u00e9rience de paiement en ligne au sein de nos plates-formes partenaires (\u201cles\").\u201c<strong>Marchand<\/strong>\u201d et \u201c<strong>Marchand de WorldsPayFI<\/strong> <strong>Services<\/strong>\u201d).<br><strong>2. \u00c9LIGIBILIT\u00c9<\/strong><br>Toutes les informations que vous fournissez doivent \u00eatre compl\u00e8tes et exactes et doivent \u00eatre tenues \u00e0 jour, dans la mesure requise par le Marchand et les lois et r\u00e9glementations applicables.<br>Vous devez satisfaire \u00e0 toutes les exigences minimales fournies par le Marchand, notamment : (i) \u00eatre \u00e2g\u00e9 de 18 (dix-huit) ans ou plus ; (ii) avoir la pleine capacit\u00e9 juridique, dans votre pays, de conclure des contrats et d'effectuer des transactions financi\u00e8res ; et (iii) ne pas faire ou avoir fait l'objet de sanctions.<br>Afin de prot\u00e9ger le Marchand, Vous et d'autres personnes, et afin de se conformer aux lois et r\u00e9glementations locales relatives aux paiements en ligne, WorldsPayFI se r\u00e9serve le droit de mettre en \u0153uvre, \u00e0 sa propre discr\u00e9tion, des proc\u00e9dures d'identification pr\u00e9ventive et de contr\u00f4le, seul ou avec ses partenaires et\/ou affili\u00e9s.<br>Nonobstant les dispositions du paragraphe ci-dessus, vous reconnaissez par la pr\u00e9sente que des proc\u00e9dures d'identification et de contr\u00f4le des transactions peuvent \u00eatre mises en \u0153uvre en relation avec les transactions de paiement et les informations fournies sur la page web, l'application et\/ou le logiciel de paiement.<br>Vous acceptez et reconnaissez par la pr\u00e9sente que WorldsPayFI est une entit\u00e9 r\u00e9glement\u00e9e en vertu des lois du Grand-Duch\u00e9 de Luxembourg et peut exiger des informations suppl\u00e9mentaires concernant les transactions effectu\u00e9es dans le cadre des services marchands de WorldsPayFI afin de se conformer \u00e0 toutes les r\u00e9glementations applicables, y compris, mais sans s'y limiter, les r\u00e9glementations relatives \u00e0 la lutte contre le blanchiment d'argent et le financement du terrorisme.<br><strong>3. SERVICES DE TIERS<\/strong><br><br>En utilisant les Services Marchands de WorldsPayFI, Vous avez acc\u00e8s \u00e0 des produits et services fournis par des entreprises ou des personnes qui ne sont pas li\u00e9es \u00e0 WorldsPayFI (les \u201cServices Marchands\").\u201c<strong>Tiers<\/strong>\u201d). Veuillez noter que les tiers peuvent avoir leurs propres conditions g\u00e9n\u00e9rales, qui s'appliquent ind\u00e9pendamment \u00e0 vous.<br>L'obligation de WorldsPayFI se limite \u00e0 effectuer le transfert de fonds de Vous vers le Marchand et ne cr\u00e9e aucune responsabilit\u00e9, ni ne fait aucune d\u00e9claration relative \u00e0 la qualit\u00e9, la s\u00e9curit\u00e9 ou la l\u00e9galit\u00e9 des biens ou services que Vous avez achet\u00e9s \u00e0 des Tiers, y compris les Marchands. Vous reconnaissez que vous ne serez pas consid\u00e9r\u00e9 comme un client de WorldsPayFI et que WorldsPayFI n'a aucune obligation contractuelle de quelque nature que ce soit envers vous.<br>Dans la mesure o\u00f9 la loi le permet, WorldsPayFI ne sera pas responsable de toute perte que vous pourriez subir en relation avec votre achat et\/ou avec les produits ou services de tiers ou de marchands.<br>Vous pouvez contacter le tiers ou le marchand concern\u00e9 (i) si vous n'\u00eates pas satisfait de votre achat ; (ii) si vous souhaitez retourner, rembourser ou \u00e9changer votre achat ; ou (iii) si vous avez des questions ou des probl\u00e8mes concernant votre achat.<br><strong>4. PAIEMENTS EN LIGNE<\/strong><br>Le pr\u00e9sent avis de non-responsabilit\u00e9 r\u00e9git vos paiements par carte de cr\u00e9dit, de d\u00e9bit ou pr\u00e9pay\u00e9e, dans la mesure o\u00f9 ces cartes sont accept\u00e9es par le commer\u00e7ant et conform\u00e9ment aux r\u00e8gles et r\u00e9glementations applicables aux r\u00e9seaux de cartes (\u201cles cartes de cr\u00e9dit\").\u201c<strong>Mode de paiement<\/strong>\u201d).<br>WorldsPayFI n'interf\u00e8re pas dans votre relation avec votre m\u00e9thode de paiement, par exemple, votre banque ou votre soci\u00e9t\u00e9 de carte de d\u00e9bit, pr\u00e9pay\u00e9e ou de cr\u00e9dit. Vous pouvez contacter directement la m\u00e9thode de paiement concern\u00e9e si vous souhaitez demander une r\u00e9trofacturation, un remboursement et\/ou contester votre achat.<br>Si vous avez un litige avec une autre partie, un Marchand, un Tiers et\/ou une M\u00e9thode de paiement, vous lib\u00e9rez WorldsPayFI, nos affili\u00e9s et nos employ\u00e9s, directeurs, officiers, agents et repr\u00e9sentants (collectivement, les \u201c<strong>WorldsPayFI Personnes indemnis\u00e9es<\/strong>\u201c) des r\u00e9clamations, demandes et dommages (r\u00e9els et indirects) de tout type et de toute nature, connus et inconnus, d\u00e9coulant de ces litiges ou y \u00e9tant li\u00e9s de quelque mani\u00e8re que ce soit.<br>Lorsqu'une transaction en ligne est finalement rembours\u00e9e, les montants seront rembours\u00e9s au moyen du mode de paiement initial que vous avez utilis\u00e9 pour la transaction. Si le mode de paiement initial n'est plus disponible pour le remboursement (par exemple, si la p\u00e9riode de remboursement autoris\u00e9e a expir\u00e9 ou si vous avez r\u00e9sili\u00e9 votre compte aupr\u00e8s du fournisseur du mode de paiement), nous n'avons plus aucune obligation de vous rembourser les montants.<br><strong>5. D\u00c9CLARATIONS ET GARANTIES<\/strong><br><br>Les services marchands de WorldsPayFI sont fournis exclusivement au commer\u00e7ant (et ne sont en aucun cas consid\u00e9r\u00e9s comme un service pour vous) sur une base \u201c en l'\u00e9tat \u201d, \u201c tel que disponible \u201d et \u201c avec tous les d\u00e9fauts \u201d. Toutes les garanties, repr\u00e9sentations, conditions, engagements et termes, qu'ils soient explicites ou implicites, sont par la pr\u00e9sente rejet\u00e9s et exclus.<br>WorldsPayFI ne fait aucune d\u00e9claration et ne donne aucune garantie quant \u00e0 l'exactitude, la v\u00e9racit\u00e9 et l'exhaustivit\u00e9 des informations que vous avez fournies sur la page web, l'application et\/ou le logiciel de paiement. Vous \u00eates seul responsable de toutes les cons\u00e9quences r\u00e9sultant de votre propre jugement et de votre d\u00e9cision d'utiliser ou de vous fier \u00e0 ces informations.<br>WorldsPayFI ne donne aucune garantie concernant les Services marchands de WorldsPayFI ou tout produit ou service fourni par des Tiers ou des Marchands dans le cadre d'une transaction en ligne, y compris sur le fait que les Services marchands de WorldsPayFI : (i) r\u00e9pondent \u00e0 vos exigences ou attentes ; (b) sont ininterrompus, opportuns ou exempts d'erreurs ; ou (c) r\u00e9pondent \u00e0 vos exigences en ce qui concerne les produits, informations, mat\u00e9riels ou services que vous obtenez.<br>En lisant cette clause de non-responsabilit\u00e9, vous reconnaissez et acceptez que WorldsPayFI n'est pas une banque et que les services marchands de WorldsPayFI ne doivent en aucun cas \u00eatre interpr\u00e9t\u00e9s comme la fourniture de services bancaires \u00e0 vous ou au marchand. WorldsPayFI n'agit pas en tant qu'administrateur, fiduciaire ou d\u00e9positaire en ce qui concerne vos fonds et n'a pas le contr\u00f4le ni la responsabilit\u00e9 des produits ou services que vous payez au marchand.<br><strong>Cette clause de non-responsabilit\u00e9 n'est pas destin\u00e9e \u00e0 cr\u00e9er une relation de service ou de consommation entre vous et WorldsPayFI. VOUS RECONNAISSEZ ET ACCEPTEZ PAR LES PR\u00c9SENTES QUE LE SEUL BUT ET LE SEUL CHAMP D'ACTION DE WORLDSPAYFI EST DE FACILITER LE TRANSFERT DE FONDS ENTRE VOUS ET LES MARCHANDS EN TANT QUE PROC\u00c9DURE DE PAIEMENT POUR LES MARCHANDS, ET QUE WORLDSPAYFI N'A A AUCUNE RESPONSABILIT\u00c9 POUR LES BIENS OU L'ACHAT EFFECTU\u00c9 ENTRE LE MARCHAND ET VOUS.<\/strong><br><strong>WorldsPayFI FOURNIT AU MARCHAND LES SERVICES DU MARCHAND EN L'\u00c9TAT ET A D\u00c9GAG\u00c9 LE MARCHAND DE TOUTE GARANTIE, REPR\u00c9SENTATION, ENGAGEMENT OU CONDITION DE QUELQUE NATURE QUE CE SOIT, EXPRESSE, IMPLICITE OU STATUTAIRE, Y COMPRIS TOUTE GARANTIE IMPLICITE DE TITRE, L'EXACTITUDE, LA QUALIT\u00c9, L'EXHAUSTIVIT\u00c9, L'OPPORTUNIT\u00c9, LA R\u00c9ACTIVIT\u00c9, LA PRODUCTIVIT\u00c9, L'ABSENCE DE CONTREFA\u00c7ON, LA POSSIBILIT\u00c9 D'ACCORDER DES LICENCES, LA CAPACIT\u00c9 DE COMMERCIALISATION, L'AD\u00c9QUATION \u00c0 UN USAGE PARTICULIER OU LE FAIT QUE CES SERVICES SERONT EXEMPTS DE D\u00c9FAUTS OU D'ERREURS OU QU'ILS FONCTIONNERONT SANS INTERRUPTION.<\/strong><br><strong>6. LIMITATIONS DE RESPONSABILIT\u00c9<\/strong><br><br>Dans toute la mesure permise par la loi applicable, WorldsPayFI ne sera responsable que des obligations express\u00e9ment \u00e9nonc\u00e9es dans le pr\u00e9sent avis de non-responsabilit\u00e9. Vous acceptez que tout litige d\u00e9coulant des transactions en ligne soit une affaire qui ne concerne que Vous et le Tiers, le Marchand et\/ou la M\u00e9thode de paiement, selon le cas.<br>Dans toute la mesure permise par la loi applicable, les personnes indemnis\u00e9es par WorldsPayFI ne seront pas responsables des dommages indirects, cons\u00e9cutifs, accessoires, sp\u00e9ciaux ou punitifs, y compris les dommages pour perte de profits ou de revenus, interruption d'activit\u00e9, perte d'opportunit\u00e9s commerciales, perte de donn\u00e9es ou perte d'autres int\u00e9r\u00eats \u00e9conomiques, que ce soit dans le cadre d'un contrat, d'une n\u00e9gligence, d'un d\u00e9lit ou autre, r\u00e9sultant de l'utilisation ou de l'incapacit\u00e9 dans le cadre de la pr\u00e9sente clause de non-responsabilit\u00e9.<br>Les personnes indemnis\u00e9es par WorldsPayFI ne seront pas tenues responsables de tout manquement, retard ou d\u00e9faillance dans l'ex\u00e9cution de ses obligations au titre de la pr\u00e9sente clause de non-responsabilit\u00e9 r\u00e9sultant directement ou indirectement d'actes de nature, de forces ou de causes \u00e9chappant au contr\u00f4le raisonnable de WorldsPayFI.<br><strong>7. R\u00c9SILIATION<\/strong><br><br>WorldsPayFI peut annuler, sans pr\u00e9avis ni notification, les services marchands de WorldsPayFI comme convenu avec le marchand, ce qui peut entra\u00eener la suspension ou la modification de votre acc\u00e8s \u00e0 la page web de paiement, \u00e0 l'application et\/ou au logiciel o\u00f9 cette clause de non-responsabilit\u00e9 est affich\u00e9e.<br>La r\u00e9siliation n'annule pas les autorisations de paiement de tiers. Dans la mesure o\u00f9 la loi le permet, WorldsPayFI ne sera pas responsable des pertes, dommages, pr\u00e9judices ou cons\u00e9quences, y compris tout retard ou d\u00e9sagr\u00e9ment, que vous pourriez subir \u00e0 la suite de la r\u00e9siliation.<br><strong>8. LA PROPRI\u00c9T\u00c9 INTELLECTUELLE<\/strong><br>Les Services marchands de WorldsPayFI sont prot\u00e9g\u00e9s par les lois sur la propri\u00e9t\u00e9 intellectuelle. L'utilisation par vous des services marchands de WorldsPayFI ne vous conf\u00e8re aucun droit de propri\u00e9t\u00e9 sur ceux-ci. Les Services marchands de WorldsPayFI sont prot\u00e9g\u00e9s par les lois sur les marques, les droits d'auteur, les brevets et d'autres lois locales.<br>WorldsPayFI et ses fournisseurs de services, le cas \u00e9ch\u00e9ant, se r\u00e9servent tous les droits, titres et int\u00e9r\u00eats de propri\u00e9t\u00e9 intellectuelle relatifs aux Services marchands de WorldsPayFI. Votre utilisation des Services marchands de WorldsPayFI est soumise \u00e0 la pr\u00e9sente clause de non-responsabilit\u00e9, qui ne vous accorde aucun droit sur la propri\u00e9t\u00e9 intellectuelle de WorldsPayFI ou sur la propri\u00e9t\u00e9 intellectuelle des conc\u00e9dants de licence, des licenci\u00e9s ou des partenaires de WorldsPayFI.<br><br><strong>9. MISE \u00c0 JOUR DES DOCUMENTS<\/strong><br>WorldsPayFI peut occasionnellement r\u00e9viser cette clause de non-responsabilit\u00e9. La version r\u00e9vis\u00e9e de la clause de non-responsabilit\u00e9 entrera en vigueur \u00e0 la date indiqu\u00e9e dans le document r\u00e9vis\u00e9.<br><strong>10. DROIT APPLICABLE<\/strong><br>En cas de litige ou de r\u00e9clamation d\u00e9coulant de ou en rapport avec le pr\u00e9sent Disclaimer ou votre utilisation des Services marchands de WorldsPayFI, ce litige ou cette r\u00e9clamation doit \u00eatre r\u00e9solu par des n\u00e9gociations \u00e0 l'amiable.<br>Si un tel litige ou une telle r\u00e9clamation ne peut \u00eatre r\u00e9solu(e) apr\u00e8s avoir d\u00e9ploy\u00e9 des efforts raisonnables, vous consentez irr\u00e9vocablement \u00e0 ce que la question soit soumise \u00e0 l'arbitrage et r\u00e9solue en dernier ressort conform\u00e9ment au r\u00e8glement d'arbitrage du Centre d'arbitrage international de Singapour.<br>Le nombre d'arbitres est de un. Le si\u00e8ge, ou lieu l\u00e9gal, de l'arbitrage est Singapour. La langue utilis\u00e9e dans la proc\u00e9dure d'arbitrage est l'anglais. La sentence arbitrale rendue par le Centre d'arbitrage international de Singapour est d\u00e9finitive et contraignante pour toutes les parties concern\u00e9es.<br>Le pr\u00e9sent avis de non-responsabilit\u00e9 est interpr\u00e9t\u00e9 et r\u00e9gi par les lois de Singapour.<\/span>","protected":false},"excerpt":{"rendered":"<p>1. INTRODUCTIONCette clause de non-responsabilit\u00e9 g\u00e9n\u00e9rale (\u201cclause de non-responsabilit\u00e9\u201d) s'applique \u00e0 toute personne physique ou morale (\u201cvous\u201d) qui est redirig\u00e9e vers une page web, une application et\/ou un logiciel de paiement pour y inclure vos informations de paiement et o\u00f9 cette clause de non-responsabilit\u00e9 est affich\u00e9e.Cette clause de non-responsabilit\u00e9, ainsi que l'avis de traitement des donn\u00e9es de la clause 9 ci-dessous, r\u00e9git la solution de paiement int\u00e9gr\u00e9e de WorldsPayFI, optimis\u00e9e pour fournir des informations de...<\/p>","protected":false},"author":1,"featured_media":0,"parent":0,"menu_order":0,"comment_status":"closed","ping_status":"closed","template":"","meta":{"_kad_blocks_custom_css":"","_kad_blocks_head_custom_js":"","_kad_blocks_body_custom_js":"","_kad_blocks_footer_custom_js":"","_kad_post_transparent":"","_kad_post_title":"","_kad_post_layout":"normal","_kad_post_sidebar_id":"","_kad_post_content_style":"","_kad_post_vertical_padding":"","_kad_post_feature":"","_kad_post_feature_position":"","_kad_post_header":false,"_kad_post_footer":false,"footnotes":""},"class_list":["post-3203","page","type-page","status-publish","hentry"],"taxonomy_info":[],"featured_image_src_large":false,"author_info":{"display_name":"sdwzjt88@outlook.com","author_link":"https:\/\/dashboard.globalpay.top\/fr\/author\/sdwzjt88outlook-com\/"},"comment_info":0,"_links":{"self":[{"href":"https:\/\/dashboard.globalpay.top\/fr\/wp-json\/wp\/v2\/pages\/3203","targetHints":{"allow":["GET"]}}],"collection":[{"href":"https:\/\/dashboard.globalpay.top\/fr\/wp-json\/wp\/v2\/pages"}],"about":[{"href":"https:\/\/dashboard.globalpay.top\/fr\/wp-json\/wp\/v2\/types\/page"}],"author":[{"embeddable":true,"href":"https:\/\/dashboard.globalpay.top\/fr\/wp-json\/wp\/v2\/users\/1"}],"replies":[{"embeddable":true,"href":"https:\/\/dashboard.globalpay.top\/fr\/wp-json\/wp\/v2\/comments?post=3203"}],"version-history":[{"count":3,"href":"https:\/\/dashboard.globalpay.top\/fr\/wp-json\/wp\/v2\/pages\/3203\/revisions"}],"predecessor-version":[{"id":3250,"href":"https:\/\/dashboard.globalpay.top\/fr\/wp-json\/wp\/v2\/pages\/3203\/revisions\/3250"}],"wp:attachment":[{"href":"https:\/\/dashboard.globalpay.top\/fr\/wp-json\/wp\/v2\/media?parent=3203"}],"curies":[{"name":"wp","href":"https:\/\/api.w.org\/{rel}","templated":true}]}}