

{"id":2617,"date":"2025-06-18T15:18:43","date_gmt":"2025-06-18T15:18:43","guid":{"rendered":"https:\/\/worldspayfi.com\/?page_id=2617"},"modified":"2026-03-15T08:51:20","modified_gmt":"2026-03-15T08:51:20","slug":"terms-and-conditions","status":"publish","type":"page","link":"https:\/\/dashboard.globalpay.top\/fr\/terms-and-conditions\/","title":{"rendered":"Conditions g\u00e9n\u00e9rales d'utilisation"},"content":{"rendered":"<style>.wp-block-kadence-advancedheading.kt-adv-heading2617_88811f-a6, .wp-block-kadence-advancedheading.kt-adv-heading2617_88811f-a6[data-kb-block=\"kb-adv-heading2617_88811f-a6\"]{font-size:var(--global-kb-font-size-sm, 0.9rem);font-style:normal;}.wp-block-kadence-advancedheading.kt-adv-heading2617_88811f-a6 mark.kt-highlight, .wp-block-kadence-advancedheading.kt-adv-heading2617_88811f-a6[data-kb-block=\"kb-adv-heading2617_88811f-a6\"] mark.kt-highlight{font-style:normal;color:#f76a0c;-webkit-box-decoration-break:clone;box-decoration-break:clone;padding-top:0px;padding-right:0px;padding-bottom:0px;padding-left:0px;}<\/style>\n<div class=\"kt-adv-heading2617_88811f-a6 wp-block-kadence-advancedheading\" data-kb-block=\"kb-adv-heading2617_88811f-a6\"><strong>Derni\u00e8re mise \u00e0 jour le 28 novembre 2024<\/strong><br><strong>WorldsPayFI DEFI Limited<\/strong>\u00a0et ses soci\u00e9t\u00e9s affili\u00e9es (\u201c<strong>WorldsPayFI<\/strong>\u201d ou \u201c<strong>nous<\/strong>,\u201d ou \u201c<strong>nous<\/strong>\u201d) rendent ce site web (le \u201c<strong>Site<\/strong>\u201d) \u00e0 votre disposition pour votre information personnelle. N'h\u00e9sitez pas \u00e0 parcourir et \u00e0 utiliser le Site. En acc\u00e9dant au Site et en l'utilisant, vous acceptez et approuvez les conditions d'utilisation suivantes (\u201c<strong>Conditions d'utilisation<\/strong>\u201d) sans limitation ni r\u00e9serve. Si vous n'acceptez pas les pr\u00e9sentes conditions d'utilisation, veuillez ne pas utiliser le site.<br>A. UTILISATION DU SITE<br>Vous acceptez d'utiliser le Site uniquement aux fins autoris\u00e9es par les pr\u00e9sentes Conditions d'utilisation et toutes les lois et r\u00e9glementations applicables.<br>Le site et tout son contenu, ainsi que tous les droits de propri\u00e9t\u00e9 intellectuelle (y compris les droits d'auteur, les brevets, les marques commerciales, les marques de service, les droits de conception, les logiciels et l'apparence du site, ainsi que toutes les adaptations et modifications qui y sont apport\u00e9es) relatifs \u00e0 ce qui pr\u00e9c\u00e8de (collectivement, les \u201c<strong>Contenu<\/strong>\u201d), restera \u00e0 tout moment la propri\u00e9t\u00e9 exclusive de\u00a0<strong>WorldsPayFI<\/strong>\u00a0et ses conc\u00e9dants de licence.<br>\u00c0 condition que vous respectiez les pr\u00e9sentes conditions d'utilisation,\u00a0<strong>WorldsPayFI<\/strong>\u00a0vous accorde un droit limit\u00e9, r\u00e9vocable et non exclusif d'acc\u00e9der au site et de l'utiliser pour votre usage personnel. Vous ne disposez d'aucun droit de licence, de r\u00e9\u00e9dition, de distribution, de copie, de cession, de sous-licence, de transfert, de vente, d'ing\u00e9nierie inverse, de d\u00e9sassemblage, de d\u00e9compilation ou de pr\u00e9paration d'\u0153uvres d\u00e9riv\u00e9es du site et de tout logiciel compris dans le site, ni d'aucun droit d'utilisation non personnelle de tout contenu. Tous les autres droits de propri\u00e9t\u00e9 intellectuelle et tous les autres droits ou titres qui ne vous sont pas express\u00e9ment accord\u00e9s en vertu des pr\u00e9sentes conditions d'utilisation sont r\u00e9serv\u00e9s par\u00a0<strong>WorldsPayFI<\/strong>\u00a0et ses conc\u00e9dants de licence. Toute utilisation du Site qui d\u00e9passe les droits express\u00e9ment accord\u00e9s dans les pr\u00e9sentes Conditions d'utilisation est strictement interdite et constitue une violation des pr\u00e9sentes Conditions d'utilisation.<br>Le Site a \u00e9t\u00e9 con\u00e7u \u00e0 des fins d'information uniquement et ne constitue en aucun cas une sollicitation, une offre, un conseil ou une recommandation d'effectuer une transaction quelconque. Les informations pr\u00e9sent\u00e9es sur ce Site ne doivent pas servir de base \u00e0 une d\u00e9cision financi\u00e8re ou d'investissement.<br>Vous acceptez de ne pas acc\u00e9der (ou tenter d'acc\u00e9der) au Site par tout autre moyen que votre navigateur ou via l'interface que nous mettons \u00e0 votre disposition. Vous acceptez \u00e9galement de ne vous livrer \u00e0 aucune activit\u00e9 qui :<br>Interf\u00e9rer avec ou perturber l'acc\u00e8s de tout utilisateur au site ou au site (ou aux serveurs et r\u00e9seaux connect\u00e9s au site) ;<br>supprime, contourne, d\u00e9sactive, endommage ou interf\u00e8re de toute autre mani\u00e8re avec les caract\u00e9ristiques du site li\u00e9es \u00e0 la s\u00e9curit\u00e9 ;<br>porte atteinte \u00e0 toute autre personne ou entit\u00e9 commerciale ; ou<br>contrevient \u00e0 toute loi applicable (y compris toute loi relative \u00e0 la publicit\u00e9, aux droits \u00e0 la vie priv\u00e9e, \u00e0 la diffamation et \u00e0 l'obsc\u00e9nit\u00e9).<br>Vous acceptez \u00e9galement de ne pas :<br>utiliser des syst\u00e8mes automatis\u00e9s (par exemple, des robots, des araign\u00e9es, etc.) dans le but de surveiller, d'exploiter, de r\u00e9colter, d'extraire, de copier ou de compiler des informations sur le site pour quelque raison que ce soit, ou de mener des activit\u00e9s en rapport avec ces activit\u00e9s ; ou<br>mener des activit\u00e9s commerciales, y compris des activit\u00e9s de vente, de promotion, de publicit\u00e9 ou des arrangements connexes en rapport avec le site ou le contenu, sans le consentement explicite de\u00a0<strong>WorldsPayFI<\/strong>.<br><strong>WorldsPayFI<\/strong>\u00a0se r\u00e9serve le droit de refuser l'acc\u00e8s \u00e0 ce site \u00e0 toute personne sans pr\u00e9avis et \u00e0 son enti\u00e8re discr\u00e9tion, pour quelque raison que ce soit, y compris en cas de violation de l'une des pr\u00e9sentes conditions d'utilisation, y compris des droits d'utilisation associ\u00e9s.<br>B. LIENS<br>Le site peut inclure des liens vers d'autres sites web qui sont totalement ind\u00e9pendants du pr\u00e9sent site.\u00a0<strong>WorldsPayFI<\/strong>\u00a0ne contr\u00f4le ni n'approuve ces sites Web et n'est pas responsable de leurs produits, services ou contenus, ni de l'exactitude ou de la fiabilit\u00e9 des informations, donn\u00e9es, opinions, conseils ou d\u00e9clarations contenus dans ces sites Web.<br>C. AUCUNE GARANTIE<br>CE SITE ET TOUT SON CONTENU VOUS SONT FOURNIS \u201c TELS QUELS \u201d, SANS GARANTIE D'AUCUNE SORTE, EXPRESSE OU IMPLICITE, Y COMPRIS TOUTE GARANTIE IMPLICITE DE QUALIT\u00c9 MARCHANDE OU D'AD\u00c9QUATION \u00c0 UN USAGE PARTICULIER, OU LA GARANTIE DE TITRE OU DE NON-CONTREFA\u00c7ON. BIEN QUE\u00a0<strong>WorldsPayFI<\/strong>\u00a0FAIT TOUT SON POSSIBLE POUR INCLURE DES INFORMATIONS EXACTES ET \u00c0 JOUR SUR LE SITE,\u00a0<strong>WorldsPayFI<\/strong>\u00a0NE DONNE AUCUNE GARANTIE ET NE FAIT AUCUNE D\u00c9CLARATION QUANT \u00c0 SON EXACTITUDE ET N'ASSUME AUCUNE RESPONSABILIT\u00c9 POUR LES ERREURS OU OMISSIONS DANS LE CONTENU DU SITE.\u00a0<strong>WorldsPayFI<\/strong>\u00a0PEUT MODIFIER \u00c0 TOUT MOMENT ET SANS PR\u00c9AVIS LES INFORMATIONS, CONTENUS, SERVICES, PROGRAMMES ET TECHNOLOGIES D\u00c9CRITS SUR LE SITE.<br>D. LIMITATION DE RESPONSABILIT\u00c9<br>VOUS UTILISEZ LE SITE \u00c0 VOS PROPRES RISQUES. EN AUCUN CAS\u00a0<strong>WorldsPayFI<\/strong>, OU L'UN DE LEURS DIRIGEANTS, ADMINISTRATEURS, GESTIONNAIRES, ACTIONNAIRES, MEMBRES, EMPLOY\u00c9S, AGENTS OU SOUS-TRAITANTS, NE PEUVENT \u00caTRE TENUS RESPONSABLES DE TOUTE PERTE OU DOMMAGE DIRECT OU INDIRECT R\u00c9SULTANT DE OU LI\u00c9 \u00c0 L'UTILISATION OU \u00c0 LA MAUVAISE UTILISATION, OU \u00c0 L'INCAPACIT\u00c9 D'UTILISER LE SITE OU TOUT CONTENU OU SERVICE LI\u00c9 AU SITE. SANS LIMITER CE QUI PR\u00c9C\u00c8DE,\u00a0<strong>WorldsPayFI<\/strong>\u00a0N'ASSUME AUCUNE RESPONSABILIT\u00c9 ET NE SERA PAS RESPONSABLE DES PERTES OU DES DOMMAGES LI\u00c9S OU CAUS\u00c9S PAR DES VIRUS QUI POURRAIENT AFFECTER VOTRE APPAREIL OU D'AUTRES BIENS EN RAISON DE VOTRE ACC\u00c8S AU SITE OU DE VOTRE UTILISATION DE CELUI-CI.\u00a0<strong>WorldsPayFI<\/strong>\u00a0NE PEUT PAS GARANTIR ET NE GARANTIT PAS UN ACC\u00c8S CONTINU, ININTERROMPU OU S\u00c9CURIS\u00c9 AU SITE.<br>IL S'AGIT D'UNE LIMITATION DE RESPONSABILIT\u00c9 GLOBALE QUI S'APPLIQUE \u00c0 TOUTES LES PERTES ET DOMMAGES DE TOUTE NATURE (QU'ILS SOIENT G\u00c9N\u00c9RAUX, SP\u00c9CIAUX, CONS\u00c9CUTIFS, ACCESSOIRES, EXEMPLAIRES OU AUTRES, Y COMPRIS LA PERTE DE DONN\u00c9ES, DE REVENUS, DE FONDS DE COMMERCE, ACTIVIT\u00c9 OU DE B\u00c9N\u00c9FICES), QU'ILS SOIENT CONTRACTUELS, R\u00c9SULTANT D'UNE N\u00c9GLIGENCE, D'UNE N\u00c9GLIGENCE GRAVE OU DE TOUTE AUTRE ACTION D\u00c9LICTUELLE, M\u00caME SI\u00a0<strong>WorldsPayFI<\/strong>\u00a0OU LEURS REPR\u00c9SENTANTS ONT \u00c9T\u00c9 INFORM\u00c9S OU AURAIENT D\u00db \u00caTRE AU COURANT DE LA POSSIBILIT\u00c9 DE TELS DOMMAGES.<br>SI VOUS N'\u00caTES PAS SATISFAIT DU SITE OU DE SON CONTENU OU DES PR\u00c9SENTES CONDITIONS D'UTILISATION, VOTRE SEUL ET UNIQUE RECOURS EST DE CESSER D'UTILISER LE SITE OU SON CONTENU.<br>SI UNE EXCLUSION OU UNE LIMITATION DE RESPONSABILIT\u00c9 CONTENUE DANS LES PR\u00c9SENTES CONDITIONS D'UTILISATION EST JUG\u00c9E INVALIDE OU INAPPLICABLE PAR UN ARBITRE, CETTE DISPOSITION SERA MODIFI\u00c9E DE MANI\u00c8RE \u00c0 \u00caTRE VALIDE ET APPLICABLE, DANS LA MESURE PERMISE PAR LA LOI.\u00a0<strong>WorldsPayFI<\/strong>\u2019EST LIMIT\u00c9E \u00c0 LA LIMITE MAXIMALE AUTORIS\u00c9E PAR LA LOI APPLICABLE.<br>E. INDEMNIT\u00c9<br>Vous acceptez de d\u00e9fendre, d'indemniser et de d\u00e9gager de toute responsabilit\u00e9\u00a0<strong>WorldsPayFI<\/strong>, et leurs dirigeants, administrateurs, gestionnaires, actionnaires, membres, employ\u00e9s, agents et contractants respectifs, contre toute r\u00e9clamation, perte, responsabilit\u00e9, dommage, co\u00fbt et d\u00e9pense (y compris, mais sans s'y limiter, les honoraires raisonnables d'avocat) r\u00e9sultant ou suppos\u00e9 r\u00e9sulter de votre utilisation du site ou du contenu ou de votre violation des pr\u00e9sentes conditions d'utilisation. Cette clause survivra \u00e0 la r\u00e9siliation des pr\u00e9sentes conditions d'utilisation.<br>F. MODIFICATIONS DES CONDITIONS<br>Nous nous r\u00e9servons le droit, \u00e0 tout moment, de modifier, d'alt\u00e9rer ou de mettre \u00e0 jour les pr\u00e9sentes Conditions d'utilisation sans pr\u00e9avis. Les modifications entreront en vigueur d\u00e8s leur publication sur le Site. Votre utilisation continue du Site apr\u00e8s la publication des modifications vaut reconnaissance et acceptation des pr\u00e9sentes Conditions d'utilisation et de leurs modifications.<br>Pour \u00e9viter toute ambigu\u00eft\u00e9, les pr\u00e9sentes Conditions d'utilisation concernent votre acc\u00e8s au Site et votre utilisation de celui-ci, et ne s'appliquent pas \u00e0 votre utilisation des services fournis par\u00a0<strong>WorldsPayFI<\/strong>.<br>G. LOI APPLICABLE ; ARBITRAGE<br>Les pr\u00e9sentes conditions d'utilisation sont r\u00e9gies par le droit de l'Union europ\u00e9enne.\u00a0<strong>R\u00e9publique de Singapour<\/strong>, Les pr\u00e9sentes conditions d'utilisation sont r\u00e9gies par le droit communautaire, sans tenir compte des principes de conflit de lois qui r\u00e9sulteraient de l'application des lois d'une autre juridiction. Tout litige d\u00e9coulant des pr\u00e9sentes conditions d'utilisation ou en rapport avec celles-ci, y compris toute question relative \u00e0 l'existence, \u00e0 la validit\u00e9 ou \u00e0 la r\u00e9siliation des pr\u00e9sentes conditions d'utilisation, sera soumis \u00e0 l'arbitrage administr\u00e9 par la\u00a0<strong>Centre d'arbitrage international de Singapour<\/strong>\u00a0conform\u00e9ment au r\u00e8glement d'arbitrage de la\u00a0<strong>Centre d'arbitrage international de Singapour<\/strong>\u00a0Ces r\u00e8gles sont r\u00e9put\u00e9es \u00eatre incorpor\u00e9es par r\u00e9f\u00e9rence dans la pr\u00e9sente clause. Le si\u00e8ge de l'arbitrage sera Singapour. Le tribunal se compose d'un (1) arbitre. La langue de l'arbitrage est l'anglais.<\/div>","protected":false},"excerpt":{"rendered":"<p>Last updated on 28 November 2024WorldsPayFI DEFI Limited\u00a0and its affiliated companies (\u201cWorldsPayFI\u201d or \u201cwe,\u201d or \u201cus\u201d) make this website (the \u201cSite\u201d) available to you for your personal information. Please feel free to browse and otherwise use the Site. By accessing and using the Site, you accept and agree to the following terms of use (\u201cTerms&#8230;<\/p>","protected":false},"author":1,"featured_media":0,"parent":0,"menu_order":0,"comment_status":"closed","ping_status":"closed","template":"","meta":{"_kad_blocks_custom_css":"","_kad_blocks_head_custom_js":"","_kad_blocks_body_custom_js":"","_kad_blocks_footer_custom_js":"","_kad_post_transparent":"","_kad_post_title":"","_kad_post_layout":"normal","_kad_post_sidebar_id":"","_kad_post_content_style":"","_kad_post_vertical_padding":"","_kad_post_feature":"","_kad_post_feature_position":"","_kad_post_header":false,"_kad_post_footer":false,"footnotes":""},"class_list":["post-2617","page","type-page","status-publish","hentry"],"taxonomy_info":[],"featured_image_src_large":false,"author_info":{"display_name":"sdwzjt88@outlook.com","author_link":"https:\/\/dashboard.globalpay.top\/fr\/author\/sdwzjt88outlook-com\/"},"comment_info":0,"_links":{"self":[{"href":"https:\/\/dashboard.globalpay.top\/fr\/wp-json\/wp\/v2\/pages\/2617","targetHints":{"allow":["GET"]}}],"collection":[{"href":"https:\/\/dashboard.globalpay.top\/fr\/wp-json\/wp\/v2\/pages"}],"about":[{"href":"https:\/\/dashboard.globalpay.top\/fr\/wp-json\/wp\/v2\/types\/page"}],"author":[{"embeddable":true,"href":"https:\/\/dashboard.globalpay.top\/fr\/wp-json\/wp\/v2\/users\/1"}],"replies":[{"embeddable":true,"href":"https:\/\/dashboard.globalpay.top\/fr\/wp-json\/wp\/v2\/comments?post=2617"}],"version-history":[{"count":4,"href":"https:\/\/dashboard.globalpay.top\/fr\/wp-json\/wp\/v2\/pages\/2617\/revisions"}],"predecessor-version":[{"id":3469,"href":"https:\/\/dashboard.globalpay.top\/fr\/wp-json\/wp\/v2\/pages\/2617\/revisions\/3469"}],"wp:attachment":[{"href":"https:\/\/dashboard.globalpay.top\/fr\/wp-json\/wp\/v2\/media?parent=2617"}],"curies":[{"name":"wp","href":"https:\/\/api.w.org\/{rel}","templated":true}]}}