

{"id":18,"date":"2024-07-29T15:11:14","date_gmt":"2024-07-29T15:11:14","guid":{"rendered":"https:\/\/startertemplatecloud.com\/g80\/?page_id=18"},"modified":"2025-10-20T14:44:00","modified_gmt":"2025-10-20T14:44:00","slug":"contact","status":"publish","type":"page","link":"https:\/\/dashboard.globalpay.top\/fr\/contact\/","title":{"rendered":"Contact"},"content":{"rendered":"<style>.kb-row-layout-id18_f200fd-c9 > .kt-row-column-wrap{align-content:start;}:where(.kb-row-layout-id18_f200fd-c9 > .kt-row-column-wrap) > .wp-block-kadence-column{justify-content:start;}.kb-row-layout-id18_f200fd-c9 > .kt-row-column-wrap{column-gap:var(--global-kb-gap-lg, 4rem);row-gap:var(--global-kb-gap-md, 2rem);padding-top:var(--global-kb-spacing-xl, 4rem);padding-bottom:var(--global-kb-spacing-xxl, 5rem);grid-template-columns:repeat(2, minmax(0, 1fr));}.kb-row-layout-id18_f200fd-c9 > .kt-row-layout-overlay{opacity:0.30;}@media all and (max-width: 1024px){.kb-row-layout-id18_f200fd-c9 > .kt-row-column-wrap{grid-template-columns:repeat(2, minmax(0, 1fr));}}@media all and (max-width: 767px){.kb-row-layout-id18_f200fd-c9 > .kt-row-column-wrap{grid-template-columns:minmax(0, 1fr);}}<\/style><div class=\"kb-row-layout-wrap kb-row-layout-id18_f200fd-c9 alignnone wp-block-kadence-rowlayout\"><div class=\"kt-row-column-wrap kt-has-2-columns kt-row-layout-equal kt-tab-layout-inherit kt-mobile-layout-row kt-row-valign-top\">\n<style>.kadence-column18_954ff2-6c > .kt-inside-inner-col,.kadence-column18_954ff2-6c > .kt-inside-inner-col:before{border-top-left-radius:0px;border-top-right-radius:0px;border-bottom-right-radius:0px;border-bottom-left-radius:0px;}.kadence-column18_954ff2-6c > .kt-inside-inner-col{column-gap:var(--global-kb-gap-sm, 1rem);}.kadence-column18_954ff2-6c > .kt-inside-inner-col{flex-direction:column;}.kadence-column18_954ff2-6c > .kt-inside-inner-col > .aligncenter{width:100%;}.kadence-column18_954ff2-6c > .kt-inside-inner-col:before{opacity:0.3;}.kadence-column18_954ff2-6c{position:relative;}@media all and (max-width: 1024px){.kadence-column18_954ff2-6c > .kt-inside-inner-col{flex-direction:column;justify-content:center;}}@media all and (max-width: 767px){.kadence-column18_954ff2-6c > .kt-inside-inner-col{flex-direction:column;justify-content:center;}}<\/style>\n<div class=\"wp-block-kadence-column kadence-column18_954ff2-6c\"><div class=\"kt-inside-inner-col\"><style>.kb-image18_e18852-05 .kb-image-has-overlay:after{opacity:0.3;}<\/style>\n<div class=\"wp-block-kadence-image kb-image18_e18852-05\"><figure class=\"aligncenter size-large\"><img loading=\"lazy\" decoding=\"async\" width=\"1017\" height=\"1024\" src=\"https:\/\/worldspayfi.com\/wp-content\/uploads\/2025\/08\/checkout-1-1017x1024.jpg\" alt=\"\" class=\"kb-img wp-image-3012\" srcset=\"https:\/\/dashboard.globalpay.top\/wp-content\/uploads\/2025\/08\/checkout-1-1017x1024.jpg 1017w, https:\/\/dashboard.globalpay.top\/wp-content\/uploads\/2025\/08\/checkout-1-100x100.jpg 100w, https:\/\/dashboard.globalpay.top\/wp-content\/uploads\/2025\/08\/checkout-1-600x604.jpg 600w, https:\/\/dashboard.globalpay.top\/wp-content\/uploads\/2025\/08\/checkout-1-298x300.jpg 298w, https:\/\/dashboard.globalpay.top\/wp-content\/uploads\/2025\/08\/checkout-1-150x150.jpg 150w, https:\/\/dashboard.globalpay.top\/wp-content\/uploads\/2025\/08\/checkout-1-768x773.jpg 768w, https:\/\/dashboard.globalpay.top\/wp-content\/uploads\/2025\/08\/checkout-1-12x12.jpg 12w, https:\/\/dashboard.globalpay.top\/wp-content\/uploads\/2025\/08\/checkout-1.jpg 1328w\" sizes=\"auto, (max-width: 1017px) 100vw, 1017px\" \/><\/figure><\/div>\n<\/div><\/div>\n\n\n<style>.kadence-column18_8a3e3e-9f > .kt-inside-inner-col{display:flex;}.kadence-column18_8a3e3e-9f > .kt-inside-inner-col{padding-top:var(--global-kb-spacing-lg, 3rem);padding-right:var(--global-kb-spacing-lg, 3rem);padding-bottom:var(--global-kb-spacing-lg, 3rem);padding-left:var(--global-kb-spacing-lg, 3rem);}.kadence-column18_8a3e3e-9f > .kt-inside-inner-col,.kadence-column18_8a3e3e-9f > .kt-inside-inner-col:before{border-top-left-radius:20px;border-top-right-radius:0px;border-bottom-right-radius:20px;border-bottom-left-radius:20px;}.kadence-column18_8a3e3e-9f > .kt-inside-inner-col{column-gap:var(--global-kb-gap-sm, 1rem);}.kadence-column18_8a3e3e-9f > .kt-inside-inner-col{flex-direction:column;justify-content:center;align-items:center;}.kadence-column18_8a3e3e-9f > .kt-inside-inner-col > .kb-image-is-ratio-size{align-self:stretch;}.kadence-column18_8a3e3e-9f > .kt-inside-inner-col > .wp-block-kadence-advancedgallery{align-self:stretch;}.kadence-column18_8a3e3e-9f > .kt-inside-inner-col > .aligncenter{width:100%;}.kt-row-column-wrap > .kadence-column18_8a3e3e-9f{align-self:center;}.kt-inner-column-height-full:not(.kt-has-1-columns) > .wp-block-kadence-column.kadence-column18_8a3e3e-9f{align-self:auto;}.kt-inner-column-height-full:not(.kt-has-1-columns) > .wp-block-kadence-column.kadence-column18_8a3e3e-9f > .kt-inside-inner-col{flex-direction:column;justify-content:center;}.kadence-column18_8a3e3e-9f > .kt-inside-inner-col{background-color:var(--global-palette2, #2B6CB0);}.kadence-column18_8a3e3e-9f > .kt-inside-inner-col:before{opacity:0.3;}.kadence-column18_8a3e3e-9f{position:relative;}@media all and (max-width: 1024px){.kt-row-column-wrap > .kadence-column18_8a3e3e-9f{align-self:center;}}@media all and (max-width: 1024px){.kt-inner-column-height-full:not(.kt-has-1-columns) > .wp-block-kadence-column.kadence-column18_8a3e3e-9f{align-self:auto;}}@media all and (max-width: 1024px){.kt-inner-column-height-full:not(.kt-has-1-columns) > .wp-block-kadence-column.kadence-column18_8a3e3e-9f > .kt-inside-inner-col{flex-direction:column;justify-content:center;}}@media all and (max-width: 1024px){.kadence-column18_8a3e3e-9f > .kt-inside-inner-col{flex-direction:column;justify-content:center;align-items:center;}}@media all and (max-width: 767px){.kt-row-column-wrap > .kadence-column18_8a3e3e-9f{align-self:center;}.kt-inner-column-height-full:not(.kt-has-1-columns) > .wp-block-kadence-column.kadence-column18_8a3e3e-9f{align-self:auto;}.kt-inner-column-height-full:not(.kt-has-1-columns) > .wp-block-kadence-column.kadence-column18_8a3e3e-9f > .kt-inside-inner-col{flex-direction:column;justify-content:center;}.kadence-column18_8a3e3e-9f > .kt-inside-inner-col{flex-direction:column;justify-content:center;align-items:center;}}<\/style>\n<div class=\"wp-block-kadence-column kadence-column18_8a3e3e-9f\"><div class=\"kt-inside-inner-col\"><style>.wp-block-kadence-advanced-form2321-cpt-id .kb-advanced-form input[type=text],.wp-block-kadence-advanced-form2321-cpt-id .kb-advanced-form input[type=tel],.wp-block-kadence-advanced-form2321-cpt-id .kb-advanced-form input[type=number],.wp-block-kadence-advanced-form2321-cpt-id .kb-advanced-form input[type=date],.wp-block-kadence-advanced-form2321-cpt-id .kb-advanced-form input[type=time],.wp-block-kadence-advanced-form2321-cpt-id .kb-advanced-form input[type=email],.wp-block-kadence-advanced-form2321-cpt-id .kb-advanced-form input[type=file],.wp-block-kadence-advanced-form2321-cpt-id .kb-advanced-form select,.wp-block-kadence-advanced-form2321-cpt-id .kb-advanced-form textarea{color:var(--global-palette9, #ffffff);border-top:0px solid #B9B9C5;border-right:0px solid #B9B9C5;border-bottom:2px solid var(--global-palette9, #ffffff);border-left:0px solid #B9B9C5;border-top-left-radius:0px;border-top-right-radius:0px;border-bottom-right-radius:0px;border-bottom-left-radius:0px;box-shadow:0px 0px 0px 0px rgba(0, 0, 0, 0);}.wp-block-kadence-advanced-form2321-cpt-id{color-scheme:dark;--kb-form-text-color:var(--global-palette9, #ffffff);--kb-form-background-color:rgba(0,0,0,0);--kb-form-border-width:0px;--kb-form-border-color:#B9B9C5;}.wp-block-kadence-advanced-form2321-cpt-id input[type=text]:focus,.wp-block-kadence-advanced-form2321-cpt-id input[type=email]:focus,.wp-block-kadence-advanced-form2321-cpt-id input[type=tel]:focus,.wp-block-kadence-advanced-form2321-cpt-id input[type=date]:focus,.wp-block-kadence-advanced-form2321-cpt-id input[type=number]:focus,.wp-block-kadence-advanced-form2321-cpt-id input[type=time]:focus,.wp-block-kadence-advanced-form2321-cpt-id input[type=file]:focus,.wp-block-kadence-advanced-form2321-cpt-id select:focus,.wp-block-kadence-advanced-form2321-cpt-id textarea:focus{border-color:var(--global-palette1, #3182CE);box-shadow:0px 0px 0px 0px rgba(0, 0, 0, 0);}.wp-block-kadence-advanced-form2321-cpt-id .kb-adv-form-field .kb-adv-form-label{color:var(--global-palette9, #ffffff);}@media all and (max-width: 1024px){.wp-block-kadence-advanced-form2321-cpt-id .kb-advanced-form input[type=text],.wp-block-kadence-advanced-form2321-cpt-id .kb-advanced-form input[type=tel],.wp-block-kadence-advanced-form2321-cpt-id .kb-advanced-form input[type=number],.wp-block-kadence-advanced-form2321-cpt-id .kb-advanced-form input[type=date],.wp-block-kadence-advanced-form2321-cpt-id .kb-advanced-form input[type=time],.wp-block-kadence-advanced-form2321-cpt-id .kb-advanced-form input[type=email],.wp-block-kadence-advanced-form2321-cpt-id .kb-advanced-form input[type=file],.wp-block-kadence-advanced-form2321-cpt-id .kb-advanced-form select,.wp-block-kadence-advanced-form2321-cpt-id .kb-advanced-form textarea{border-top:0px solid #B9B9C5;border-right:0px solid #B9B9C5;border-bottom:2px solid var(--global-palette9, #ffffff);border-left:0px solid #B9B9C5;}}@media all and (max-width: 767px){.wp-block-kadence-advanced-form2321-cpt-id .kb-advanced-form input[type=text],.wp-block-kadence-advanced-form2321-cpt-id .kb-advanced-form input[type=tel],.wp-block-kadence-advanced-form2321-cpt-id .kb-advanced-form input[type=number],.wp-block-kadence-advanced-form2321-cpt-id .kb-advanced-form input[type=date],.wp-block-kadence-advanced-form2321-cpt-id .kb-advanced-form input[type=time],.wp-block-kadence-advanced-form2321-cpt-id .kb-advanced-form input[type=email],.wp-block-kadence-advanced-form2321-cpt-id .kb-advanced-form input[type=file],.wp-block-kadence-advanced-form2321-cpt-id .kb-advanced-form select,.wp-block-kadence-advanced-form2321-cpt-id .kb-advanced-form textarea{border-top:0px solid #B9B9C5;border-right:0px solid #B9B9C5;border-bottom:2px solid var(--global-palette9, #ffffff);border-left:0px solid #B9B9C5;}}<\/style><div class=\"wp-block-kadence-advanced-form wp-block-kadence-advanced-form2321-cpt-id kb-adv-form-label-style-float kb-adv-form-input-size-standard kb-form-basic-style kb-form-is-dark wp-block-kadence-advanced-form\"><form id=\"kb-adv-form-2321-cpt-id\" class=\"kb-advanced-form\" method=\"post\" data-error-message=\"Please correct the errors to continue.\" action=\"\">\n<style>.kb-row-layout-id2588_5ade16-d5 > .kt-row-column-wrap{align-content:start;}:where(.kb-row-layout-id2588_5ade16-d5 > .kt-row-column-wrap) > .wp-block-kadence-column{justify-content:start;}.kb-row-layout-id2588_5ade16-d5 > .kt-row-column-wrap{column-gap:var(--global-kb-gap-md, 2rem);row-gap:var(--global-kb-gap-md, 2rem);padding-top:0px;padding-right:0px;padding-bottom:0px;padding-left:0px;grid-template-columns:repeat(2, minmax(0, 1fr));}.kb-row-layout-id2588_5ade16-d5 > .kt-row-layout-overlay{opacity:0.30;}@media all and (max-width: 1024px){.kb-row-layout-id2588_5ade16-d5 > .kt-row-column-wrap{grid-template-columns:repeat(2, minmax(0, 1fr));}}@media all and (max-width: 767px){.kb-row-layout-id2588_5ade16-d5 > .kt-row-column-wrap{grid-template-columns:minmax(0, 1fr);}}<\/style><div class=\"kb-row-layout-wrap kb-row-layout-id2588_5ade16-d5 alignnone wp-block-kadence-rowlayout\"><div class=\"kt-row-column-wrap kt-has-2-columns kt-row-layout-equal kt-tab-layout-inherit kt-mobile-layout-row kt-row-valign-top\">\n<style>.kadence-column2588_3082ba-66 > .kt-inside-inner-col,.kadence-column2588_3082ba-66 > .kt-inside-inner-col:before{border-top-left-radius:0px;border-top-right-radius:0px;border-bottom-right-radius:0px;border-bottom-left-radius:0px;}.kadence-column2588_3082ba-66 > .kt-inside-inner-col{column-gap:var(--global-kb-gap-sm, 1rem);}.kadence-column2588_3082ba-66 > .kt-inside-inner-col{flex-direction:column;}.kadence-column2588_3082ba-66 > .kt-inside-inner-col > .aligncenter{width:100%;}.kadence-column2588_3082ba-66 > .kt-inside-inner-col:before{opacity:0.3;}.kadence-column2588_3082ba-66{position:relative;}@media all and (max-width: 1024px){.kadence-column2588_3082ba-66 > .kt-inside-inner-col{flex-direction:column;justify-content:center;}}@media all and (max-width: 767px){.kadence-column2588_3082ba-66 > .kt-inside-inner-col{flex-direction:column;justify-content:center;}}<\/style>\n<div class=\"wp-block-kadence-column kadence-column2588_3082ba-66\"><div class=\"kt-inside-inner-col\"><div class=\"kb-adv-form-field kb-adv-form-text-type-input kb-adv-form-infield-type-input kb-field232105ba50-be wp-block-kadence-advanced-form-text\"><label class=\"kb-adv-form-label\" for=\"field232105ba50-be\">Nom<\/label><input name=\"field05ba50-be\" id=\"field232105ba50-be\" data-label=\"Name\" type=\"text\" placeholder=\"\" value=\"\" data-type=\"text\" class=\"kb-field kb-text-field\" data-required=\"no\" \/><\/div><\/div><\/div>\n\n\n<style>.kadence-column2588_f6d4b9-b4 > .kt-inside-inner-col,.kadence-column2588_f6d4b9-b4 > .kt-inside-inner-col:before{border-top-left-radius:0px;border-top-right-radius:0px;border-bottom-right-radius:0px;border-bottom-left-radius:0px;}.kadence-column2588_f6d4b9-b4 > .kt-inside-inner-col{column-gap:var(--global-kb-gap-sm, 1rem);}.kadence-column2588_f6d4b9-b4 > .kt-inside-inner-col{flex-direction:column;}.kadence-column2588_f6d4b9-b4 > .kt-inside-inner-col > .aligncenter{width:100%;}.kadence-column2588_f6d4b9-b4 > .kt-inside-inner-col:before{opacity:0.3;}.kadence-column2588_f6d4b9-b4{position:relative;}@media all and (max-width: 1024px){.kadence-column2588_f6d4b9-b4 > .kt-inside-inner-col{flex-direction:column;justify-content:center;}}@media all and (max-width: 767px){.kadence-column2588_f6d4b9-b4 > .kt-inside-inner-col{flex-direction:column;justify-content:center;}}<\/style>\n<div class=\"wp-block-kadence-column kadence-column2588_f6d4b9-b4\"><div class=\"kt-inside-inner-col\"><div class=\"kb-adv-form-field kb-adv-form-text-type-input kb-adv-form-infield-type-input kb-field23219edaa1-d8 wp-block-kadence-advanced-form-email\"><label class=\"kb-adv-form-label\" for=\"field23219edaa1-d8\">Courriel<span class=\"kb-adv-form-required\">*<\/span><\/label><input name=\"field9edaa1-d8\" id=\"field23219edaa1-d8\" data-label=\"Email\" type=\"email\" placeholder=\"\" value=\"\" data-type=\"email\" class=\"kb-field kb-email-field\" data-required=\"yes\" required aria-required=\"true\"\/><\/div><\/div><\/div>\n\n<\/div><\/div>\n\n<style>.kb-row-layout-id2588_6c781b-88 > .kt-row-column-wrap{align-content:end;}:where(.kb-row-layout-id2588_6c781b-88 > .kt-row-column-wrap) > .wp-block-kadence-column{justify-content:end;}.kb-row-layout-id2588_6c781b-88 > .kt-row-column-wrap{column-gap:var(--global-kb-gap-md, 2rem);row-gap:var(--global-kb-gap-md, 2rem);grid-template-columns:minmax(0, 1fr);}.kb-row-layout-id2588_6c781b-88 > .kt-row-layout-overlay{opacity:0.30;}@media all and (max-width: 1024px){.kb-row-layout-id2588_6c781b-88 > .kt-row-column-wrap{grid-template-columns:minmax(0, 1fr);}}@media all and (max-width: 767px){.kb-row-layout-id2588_6c781b-88 > .kt-row-column-wrap{grid-template-columns:minmax(0, 1fr);}}<\/style><div class=\"kb-row-layout-wrap kb-row-layout-id2588_6c781b-88 alignnone wp-block-kadence-rowlayout\"><div class=\"kt-row-column-wrap kt-has-2-columns kt-row-layout-row kt-tab-layout-inherit kt-mobile-layout-row kt-row-valign-bottom\">\n<style>.kadence-column2588_59740d-f1 > .kt-inside-inner-col,.kadence-column2588_59740d-f1 > .kt-inside-inner-col:before{border-top-left-radius:0px;border-top-right-radius:0px;border-bottom-right-radius:0px;border-bottom-left-radius:0px;}.kadence-column2588_59740d-f1 > .kt-inside-inner-col{column-gap:var(--global-kb-gap-sm, 1rem);}.kadence-column2588_59740d-f1 > .kt-inside-inner-col{flex-direction:column;}.kadence-column2588_59740d-f1 > .kt-inside-inner-col > .aligncenter{width:100%;}.kadence-column2588_59740d-f1 > .kt-inside-inner-col:before{opacity:0.3;}.kadence-column2588_59740d-f1{position:relative;}@media all and (max-width: 1024px){.kadence-column2588_59740d-f1 > .kt-inside-inner-col{flex-direction:column;justify-content:center;}}@media all and (max-width: 767px){.kadence-column2588_59740d-f1 > .kt-inside-inner-col{flex-direction:column;justify-content:center;}}<\/style>\n<div class=\"wp-block-kadence-column kadence-column2588_59740d-f1\"><div class=\"kt-inside-inner-col\"><div class=\"kb-adv-form-field kb-adv-form-text-type-input kb-adv-form-infield-type-input kb-field2321e9b0b0-2a wp-block-kadence-advanced-form-textarea\"><label class=\"kb-adv-form-label\" for=\"field2321e9b0b0-2a\">Message<span class=\"kb-adv-form-required\">*<\/span><\/label><textarea name=\"fielde9b0b0-2a\" id=\"field2321e9b0b0-2a\" rows=\"3\"  data-label=\"Message\" placeholder=\"\" data-type=\"textarea\" class=\"kb-field kb-textarea-field\" data-required=\"yes\" required aria-required=\"true\"><\/textarea><\/div><\/div><\/div>\n\n\n<style>.kadence-column2588_a19ab2-88 > .kt-inside-inner-col,.kadence-column2588_a19ab2-88 > .kt-inside-inner-col:before{border-top-left-radius:0px;border-top-right-radius:0px;border-bottom-right-radius:0px;border-bottom-left-radius:0px;}.kadence-column2588_a19ab2-88 > .kt-inside-inner-col{column-gap:var(--global-kb-gap-sm, 1rem);}.kadence-column2588_a19ab2-88 > .kt-inside-inner-col{flex-direction:column;}.kadence-column2588_a19ab2-88 > .kt-inside-inner-col > .aligncenter{width:100%;}.kadence-column2588_a19ab2-88 > .kt-inside-inner-col:before{opacity:0.3;}.kadence-column2588_a19ab2-88{position:relative;}@media all and (max-width: 1024px){.kadence-column2588_a19ab2-88 > .kt-inside-inner-col{flex-direction:column;justify-content:center;}}@media all and (max-width: 767px){.kadence-column2588_a19ab2-88 > .kt-inside-inner-col{flex-direction:column;justify-content:center;}}<\/style>\n<div class=\"wp-block-kadence-column kadence-column2588_a19ab2-88\"><div class=\"kt-inside-inner-col\"><style>ul.menu .kb-submit-field .kb-btnc2f5d6-a2.kb-button{width:initial;}.kb-submit-field .kb-btnc2f5d6-a2.kb-button{color:var(--global-palette3, #1A202C);background:var(--global-palette7, #EDF2F7);padding-top:var(--global-kb-spacing-xs, 1rem);padding-bottom:var(--global-kb-spacing-xs, 1rem);}.kb-submit-field.kb-fieldc2f5d6-a2{justify-content:flex-start;}<\/style><div class=\"kb-adv-form-field kb-submit-field kb-fieldc2f5d6-a2 wp-block-kadence-advanced-form-submit\"><button class=\"kb-button kt-button button kb-adv-form-submit-button kb-btnc2f5d6-a2 kt-btn-size-standard kt-btn-width-type-full kb-btn-global-inherit kt-btn-has-text-true kt-btn-has-svg-false wp-block-button__link\" type=\"submit\"><span class=\"kt-btn-inner-text\">contact<\/span><\/button><\/div><\/div><\/div>\n\n<\/div><\/div>\n<input type=\"hidden\" name=\"_kb_adv_form_post_id\" value=\"2321\"><input type=\"hidden\" name=\"action\" value=\"kb_process_advanced_form_submit\"><input type=\"hidden\" name=\"_kb_adv_form_id\" value=\"2321-cpt-id\"><input type=\"hidden\" name=\"trp-form-language\" value=\"fr\"\/><\/form><\/div><\/div><\/div>\n\n<\/div><\/div>\n\n<style>.kadence-column18_d30974-ae > .kt-inside-inner-col,.kadence-column18_d30974-ae > .kt-inside-inner-col:before{border-top-left-radius:0px;border-top-right-radius:0px;border-bottom-right-radius:0px;border-bottom-left-radius:0px;}.kadence-column18_d30974-ae > .kt-inside-inner-col{column-gap:var(--global-kb-gap-sm, 1rem);}.kadence-column18_d30974-ae > .kt-inside-inner-col{flex-direction:column;}.kadence-column18_d30974-ae > .kt-inside-inner-col > .aligncenter{width:100%;}.kadence-column18_d30974-ae > .kt-inside-inner-col:before{opacity:0.3;}.kadence-column18_d30974-ae{position:relative;}.kadence-column18_d30974-ae, .kt-inside-inner-col > .kadence-column18_d30974-ae:not(.specificity){margin-top:30px;margin-right:168px;margin-bottom:30px;margin-left:168px;}@media all and (max-width: 1024px){.kadence-column18_d30974-ae > .kt-inside-inner-col{flex-direction:column;justify-content:center;}}@media all and (max-width: 1024px){.kadence-column18_d30974-ae, .kt-inside-inner-col > .kadence-column18_d30974-ae:not(.specificity){margin-right:0px;margin-left:0px;}}@media all and (max-width: 767px){.kadence-column18_d30974-ae > .kt-inside-inner-col{flex-direction:column;justify-content:center;}.kadence-column18_d30974-ae, .kt-inside-inner-col > .kadence-column18_d30974-ae:not(.specificity){margin-right:0px;margin-left:0px;}}<\/style>\n<div class=\"wp-block-kadence-column kadence-column18_d30974-ae\"><div class=\"kt-inside-inner-col\"><style>.kb-image18_cc7c87-8d.kb-image-is-ratio-size, .kb-image18_cc7c87-8d .kb-image-is-ratio-size{max-width:138px;width:100%;}.wp-block-kadence-column > .kt-inside-inner-col > .kb-image18_cc7c87-8d.kb-image-is-ratio-size, .wp-block-kadence-column > .kt-inside-inner-col > .kb-image18_cc7c87-8d .kb-image-is-ratio-size{align-self:unset;}.kb-image18_cc7c87-8d figure{max-width:138px;}.kb-image18_cc7c87-8d .image-is-svg, .kb-image18_cc7c87-8d .image-is-svg img{width:100%;}.kb-image18_cc7c87-8d .kb-image-has-overlay:after{opacity:0.3;}@media all and (max-width: 1024px){.kb-image18_cc7c87-8d.kb-image-is-ratio-size, .kb-image18_cc7c87-8d .kb-image-is-ratio-size{max-width:88px;width:100%;}}@media all and (max-width: 1024px){.kb-image18_cc7c87-8d figure{max-width:88px;}}@media all and (max-width: 767px){.kb-image18_cc7c87-8d.kb-image-is-ratio-size, .kb-image18_cc7c87-8d .kb-image-is-ratio-size{max-width:68px;width:100%;}.kb-image18_cc7c87-8d figure{max-width:68px;}}<\/style>\n<div class=\"wp-block-kadence-image kb-image18_cc7c87-8d\"><figure class=\"aligncenter size-full\"><img loading=\"lazy\" decoding=\"async\" width=\"512\" height=\"512\" src=\"https:\/\/worldspayfi.com\/wp-content\/uploads\/2025\/08\/cropped-WPF-LOGO.jpg\" alt=\"\" class=\"kb-img wp-image-2912\" srcset=\"https:\/\/dashboard.globalpay.top\/wp-content\/uploads\/2025\/08\/cropped-WPF-LOGO.jpg 512w, https:\/\/dashboard.globalpay.top\/wp-content\/uploads\/2025\/08\/cropped-WPF-LOGO-300x300.jpg 300w, https:\/\/dashboard.globalpay.top\/wp-content\/uploads\/2025\/08\/cropped-WPF-LOGO-150x150.jpg 150w, https:\/\/dashboard.globalpay.top\/wp-content\/uploads\/2025\/08\/cropped-WPF-LOGO-12x12.jpg 12w, https:\/\/dashboard.globalpay.top\/wp-content\/uploads\/2025\/08\/cropped-WPF-LOGO-100x100.jpg 100w, https:\/\/dashboard.globalpay.top\/wp-content\/uploads\/2025\/08\/cropped-WPF-LOGO-270x270.jpg 270w, https:\/\/dashboard.globalpay.top\/wp-content\/uploads\/2025\/08\/cropped-WPF-LOGO-192x192.jpg 192w, https:\/\/dashboard.globalpay.top\/wp-content\/uploads\/2025\/08\/cropped-WPF-LOGO-180x180.jpg 180w, https:\/\/dashboard.globalpay.top\/wp-content\/uploads\/2025\/08\/cropped-WPF-LOGO-32x32.jpg 32w\" sizes=\"auto, (max-width: 512px) 100vw, 512px\" \/><\/figure><\/div>\n\n\n<style>.wp-block-kadence-advancedheading.kt-adv-heading18_4da287-8c, .wp-block-kadence-advancedheading.kt-adv-heading18_4da287-8c[data-kb-block=\"kb-adv-heading18_4da287-8c\"]{margin-top:-10px;text-align:center;font-size:var(--global-kb-font-size-sm, 0.9rem);font-style:normal;}.wp-block-kadence-advancedheading.kt-adv-heading18_4da287-8c mark.kt-highlight, .wp-block-kadence-advancedheading.kt-adv-heading18_4da287-8c[data-kb-block=\"kb-adv-heading18_4da287-8c\"] mark.kt-highlight{font-style:normal;color:#f76a0c;-webkit-box-decoration-break:clone;box-decoration-break:clone;padding-top:0px;padding-right:0px;padding-bottom:0px;padding-left:0px;}@media all and (max-width: 1024px){.wp-block-kadence-advancedheading.kt-adv-heading18_4da287-8c, .wp-block-kadence-advancedheading.kt-adv-heading18_4da287-8c[data-kb-block=\"kb-adv-heading18_4da287-8c\"]{font-size:var(--global-kb-font-size-sm, 0.9rem);}}@media all and (max-width: 767px){.wp-block-kadence-advancedheading.kt-adv-heading18_4da287-8c, .wp-block-kadence-advancedheading.kt-adv-heading18_4da287-8c[data-kb-block=\"kb-adv-heading18_4da287-8c\"]{font-size:var(--global-kb-font-size-sm, 0.9rem);}}<\/style>\n<h6 class=\"kt-adv-heading18_4da287-8c wp-block-kadence-advancedheading\" data-kb-block=\"kb-adv-heading18_4da287-8c\">WorldsPayFI fait partie de Worldpay.<br>Sp\u00e9cialis\u00e9e dans les solutions de paiement pour les entreprises \u00e0 haut risque et les paiements par portefeuille local.<\/h6>\n<\/div><\/div>","protected":false},"excerpt":{"rendered":"<p>WorldsPayFI is part or Worldpay.Specializing in payment solutions for high-risk businesses and local wallet payments.<\/p>","protected":false},"author":1,"featured_media":0,"parent":0,"menu_order":0,"comment_status":"closed","ping_status":"closed","template":"","meta":{"_kad_blocks_custom_css":"","_kad_blocks_head_custom_js":"","_kad_blocks_body_custom_js":"","_kad_blocks_footer_custom_js":"","_kad_post_transparent":"","_kad_post_title":"","_kad_post_layout":"","_kad_post_sidebar_id":"","_kad_post_content_style":"","_kad_post_vertical_padding":"","_kad_post_feature":"","_kad_post_feature_position":"","_kad_post_header":false,"_kad_post_footer":false,"footnotes":""},"class_list":["post-18","page","type-page","status-publish","hentry"],"taxonomy_info":[],"featured_image_src_large":false,"author_info":{"display_name":"sdwzjt88@outlook.com","author_link":"https:\/\/dashboard.globalpay.top\/fr\/author\/sdwzjt88outlook-com\/"},"comment_info":0,"_links":{"self":[{"href":"https:\/\/dashboard.globalpay.top\/fr\/wp-json\/wp\/v2\/pages\/18","targetHints":{"allow":["GET"]}}],"collection":[{"href":"https:\/\/dashboard.globalpay.top\/fr\/wp-json\/wp\/v2\/pages"}],"about":[{"href":"https:\/\/dashboard.globalpay.top\/fr\/wp-json\/wp\/v2\/types\/page"}],"author":[{"embeddable":true,"href":"https:\/\/dashboard.globalpay.top\/fr\/wp-json\/wp\/v2\/users\/1"}],"replies":[{"embeddable":true,"href":"https:\/\/dashboard.globalpay.top\/fr\/wp-json\/wp\/v2\/comments?post=18"}],"version-history":[{"count":5,"href":"https:\/\/dashboard.globalpay.top\/fr\/wp-json\/wp\/v2\/pages\/18\/revisions"}],"predecessor-version":[{"id":3234,"href":"https:\/\/dashboard.globalpay.top\/fr\/wp-json\/wp\/v2\/pages\/18\/revisions\/3234"}],"wp:attachment":[{"href":"https:\/\/dashboard.globalpay.top\/fr\/wp-json\/wp\/v2\/media?parent=18"}],"curies":[{"name":"wp","href":"https:\/\/api.w.org\/{rel}","templated":true}]}}