

{"id":3203,"date":"2025-08-12T06:48:21","date_gmt":"2025-08-12T06:48:21","guid":{"rendered":"https:\/\/worldspayfi.com\/?page_id=3203"},"modified":"2025-10-30T12:04:24","modified_gmt":"2025-10-30T12:04:24","slug":"general-disclaimer-wpfi-pte-ltd","status":"publish","type":"page","link":"https:\/\/dashboard.globalpay.top\/de\/general-disclaimer-wpfi-pte-ltd\/","title":{"rendered":"ALLGEMEINER HAFTUNGSAUSSCHLUSS WPFI PTE. LTD."},"content":{"rendered":"<style>.wp-block-kadence-advancedheading.kt-adv-heading3203_19e574-1e, .wp-block-kadence-advancedheading.kt-adv-heading3203_19e574-1e[data-kb-block=\"kb-adv-heading3203_19e574-1e\"]{display:block;font-style:normal;}.wp-block-kadence-advancedheading.kt-adv-heading3203_19e574-1e mark.kt-highlight, .wp-block-kadence-advancedheading.kt-adv-heading3203_19e574-1e[data-kb-block=\"kb-adv-heading3203_19e574-1e\"] mark.kt-highlight{font-style:normal;color:#f76a0c;-webkit-box-decoration-break:clone;box-decoration-break:clone;padding-top:0px;padding-right:0px;padding-bottom:0px;padding-left:0px;}<\/style>\n<span class=\"kt-adv-heading3203_19e574-1e wp-block-kadence-advancedheading\" data-kb-block=\"kb-adv-heading3203_19e574-1e\"><strong>1. EINLEITUNG<\/strong><br>Dieser Allgemeine Haftungsausschluss (\u201c<strong>Haftungsausschluss<\/strong>\u201d) f\u00fcr jede nat\u00fcrliche oder juristische Person verbindlich ist (\u201c<strong>Sie<\/strong>\u201d), die auf eine Kassenseite, Anwendung und\/oder Software umgeleitet werden, um Ihre Zahlungsinformationen einzugeben, und wo dieser Haftungsausschluss angezeigt wird.<br>Dieser Haftungsausschluss regelt zusammen mit dem Hinweis zur Datenverarbeitung in Klausel 9 unten die integrierte Checkout-L\u00f6sung von WorldsPayFI, die daf\u00fcr optimiert ist, dem H\u00e4ndler, bei dem Sie Waren oder Dienstleistungen kaufen, die beste Erfahrung bei Online-Zahlungen innerhalb unserer Partnerplattformen zu bieten (\u201c<strong>H\u00e4ndler<\/strong>\u201d und \u201c<strong>WorldsPayFIs H\u00e4ndler<\/strong> <strong>Dienstleistungen<\/strong>\u201d).<br><strong>2. ELIGIBILIT\u00c4T<\/strong><br>Alle von Ihnen zur Verf\u00fcgung gestellten Informationen m\u00fcssen vollst\u00e4ndig und richtig sein und sind auf dem neuesten Stand zu halten, soweit dies vom H\u00e4ndler und den geltenden Gesetzen und Vorschriften verlangt wird.<br>Sie m\u00fcssen alle Mindestanforderungen des H\u00e4ndlers erf\u00fcllen, einschlie\u00dflich: (i) Sie m\u00fcssen mindestens 18 (achtzehn) Jahre alt sein; (ii) Sie m\u00fcssen in Ihrem Land voll gesch\u00e4ftsf\u00e4hig sein und d\u00fcrfen keine Finanztransaktionen durchf\u00fchren; und (iii) Sie d\u00fcrfen nicht Gegenstand von Sanktionen sein oder gewesen sein.<br>Um den H\u00e4ndler, Sie und andere zu sch\u00fctzen und um die lokalen Gesetze und Vorschriften in Bezug auf Online-Zahlungen einzuhalten, beh\u00e4lt sich WorldsPayFI das Recht vor, nach eigenem Ermessen pr\u00e4ventive Identifizierungs- und \u00dcberwachungsverfahren durchzuf\u00fchren, allein oder zusammen mit seinen Partnern und\/oder verbundenen Unternehmen.<br>Ungeachtet der Bestimmungen des obigen Absatzes erkennen Sie hiermit an, dass Identifizierungs- und Transaktions\u00fcberwachungsverfahren in Bezug auf die Zahlungstransaktionen und die auf der Checkout-Webseite, der Anwendung und\/oder der Software bereitgestellten Informationen durchgef\u00fchrt werden k\u00f6nnen.<br>Sie erkl\u00e4ren sich hiermit einverstanden und erkennen an, dass WorldsPayFI ein reguliertes Unternehmen nach den Gesetzen des Gro\u00dfherzogtums Luxemburg ist und zus\u00e4tzliche Informationen in Bezug auf die im Rahmen der H\u00e4ndlerdienste von WorldsPayFI durchgef\u00fchrten Transaktionen verlangen kann, um alle geltenden Vorschriften einzuhalten, einschlie\u00dflich, aber nicht beschr\u00e4nkt auf Vorschriften zur Bek\u00e4mpfung von Geldw\u00e4sche und Terrorismusfinanzierung.<br><strong>3. DIENSTLEISTUNGEN VON DRITTEN<\/strong><br><br>W\u00e4hrend der Nutzung der H\u00e4ndlerdienste von WorldsPayFI haben Sie Zugang zu Produkten und Dienstleistungen, die von Unternehmen oder Personen angeboten werden, die in keiner Beziehung zu WorldsPayFI stehen (\u201c<strong>Drittparteien<\/strong>\u201d). Bitte beachten Sie, dass Dritte ihre eigenen Gesch\u00e4ftsbedingungen haben k\u00f6nnen, die unabh\u00e4ngig von Ihnen gelten.<br>Die Verpflichtung von WorldsPayFI beschr\u00e4nkt sich auf die Durchf\u00fchrung des Geldtransfers von Ihnen an den H\u00e4ndler und begr\u00fcndet keine Verantwortung f\u00fcr die Qualit\u00e4t, Sicherheit oder Rechtm\u00e4\u00dfigkeit von Waren oder Dienstleistungen, die Sie von Dritten, einschlie\u00dflich der H\u00e4ndler, erworben haben, noch gibt WorldsPayFI eine diesbez\u00fcgliche Erkl\u00e4rung ab. Sie erkennen an, dass Sie nicht als Kunde von WorldsPayFI angesehen werden und dass WorldsPayFI Ihnen gegen\u00fcber keinerlei vertragliche Verpflichtung hat.<br>Soweit es das Gesetz zul\u00e4sst, ist WorldsPayFI nicht verantwortlich oder haftbar f\u00fcr Verluste, die Sie im Zusammenhang mit Ihrem Kauf und\/oder mit Produkten oder Dienstleistungen von Drittanbietern oder H\u00e4ndlern erleiden.<br>Sie k\u00f6nnen sich mit dem betreffenden Dritten oder H\u00e4ndler in Verbindung setzen, wenn Sie (i) mit Ihrem Kauf nicht zufrieden sind, (ii) Ihren Kauf zur\u00fcckgeben, erstatten oder umtauschen m\u00f6chten oder (iii) wenn Sie Fragen oder Probleme bez\u00fcglich Ihres Kaufs haben.<br><strong>4. ONLINE-ZAHLUNGEN<\/strong><br>Dieser Haftungsausschluss gilt f\u00fcr Ihre Zahlungen mit Kredit-, Debit- oder Prepaid-Karten, soweit diese vom H\u00e4ndler akzeptiert werden und in \u00dcbereinstimmung mit den geltenden Regeln und Vorschriften des Kartennetzes (\u201c<strong>Zahlungsmethode<\/strong>\u201d).<br>WorldsPayFI mischt sich nicht in Ihre Beziehung mit Ihrer Zahlungsmethode ein, z.B. mit Ihrer Bank oder Ihrem Debit-, Prepaid- oder Kreditkartenunternehmen. Sie k\u00f6nnen sich direkt an die betreffende Zahlungsmethode wenden, wenn Sie eine R\u00fcckbuchung oder R\u00fcckerstattung beantragen und\/oder Ihren Kauf anfechten m\u00f6chten.<br>Wenn Sie eine Streitigkeit mit einer anderen Partei, einem H\u00e4ndler, einem Dritten und\/oder einer Zahlungsmethode haben, entbinden Sie WorldsPayFI, unsere verbundenen Unternehmen und unsere Mitarbeiter, Direktoren, leitenden Angestellten, Agenten und Vertreter (zusammen die \u201c<strong>WorldsPayFI Entsch\u00e4digungsberechtigte Personen<\/strong>\u201c) von Anspr\u00fcchen, Forderungen und Sch\u00e4den (tats\u00e4chliche Sch\u00e4den und Folgesch\u00e4den) jeder Art und Beschaffenheit, bekannt und unbekannt, die sich aus solchen Streitigkeiten ergeben oder in irgendeiner Weise damit verbunden sind.<br>Wenn eine Online-Transaktion letztendlich erstattet wird, werden die Betr\u00e4ge auf die urspr\u00fcngliche Zahlungsmethode zur\u00fcckerstattet, die Sie f\u00fcr die Transaktion verwendet haben. Wenn die urspr\u00fcngliche Zahlungsmethode nicht mehr f\u00fcr die Erstattung zur Verf\u00fcgung steht (z. B. wenn die zul\u00e4ssige Frist f\u00fcr die Erstattung abgelaufen ist oder Sie Ihr Konto beim Anbieter der Zahlungsmethode gek\u00fcndigt haben), sind wir nicht mehr verpflichtet, Ihnen die Betr\u00e4ge zu erstatten.<br><strong>5. ZUSICHERUNGEN UND GARANTIEN<\/strong><br><br>Die H\u00e4ndlerdienste von WorldsPayFI werden ausschlie\u00dflich dem H\u00e4ndler zur Verf\u00fcgung gestellt (und werden keinesfalls als Dienstleistung f\u00fcr Sie betrachtet), und zwar \u201cwie besehen\u201d, \u201cwie verf\u00fcgbar\u201d und \u201cmit allen Fehlern\u201d. Alle ausdr\u00fccklichen oder stillschweigenden Garantien, Zusicherungen, Bedingungen, Zusagen und Bestimmungen werden hiermit abgelehnt und ausgeschlossen.<br>WorldsPayFI \u00fcbernimmt keine Gew\u00e4hr f\u00fcr die Richtigkeit, Wahrhaftigkeit und Vollst\u00e4ndigkeit der Informationen, die Sie auf der Checkout-Webseite, in der Anwendung und\/oder in der Software angegeben haben. Sie sind allein verantwortlich f\u00fcr alle Konsequenzen, die sich aus Ihrem eigenen Urteil und Ihrer Entscheidung ergeben, solche Informationen zu nutzen oder sich anderweitig darauf zu verlassen.<br>WorldsPayFI \u00fcbernimmt keine Garantie in Bezug auf WorldsPayFIs H\u00e4ndlerdienste oder jegliche Produkte oder Dienstleistungen, die von Dritten oder H\u00e4ndlern im Rahmen einer Online-Transaktion geliefert werden, einschlie\u00dflich derer, dass WorldsPayFIs H\u00e4ndlerdienste: (i) Ihre Anforderungen oder Erwartungen erf\u00fcllen; (b) ununterbrochen, zeitgerecht oder fehlerfrei sind; oder (c) Ihre Anforderungen in Verbindung mit Produkten, Informationen, Materialien oder Dienstleistungen, die Sie erhalten haben, erf\u00fcllen.<br>Durch das Lesen dieses Haftungsausschlusses erkennen Sie an und stimmen zu, dass WorldsPayFI keine Bank ist und dass die H\u00e4ndlerdienste von WorldsPayFI in keiner Weise als die Bereitstellung von Bankdienstleistungen f\u00fcr Sie oder den H\u00e4ndler ausgelegt werden sollten. WorldsPayFI agiert nicht als Treuh\u00e4nder, Treuh\u00e4nderin oder Treuh\u00e4nderin in Bezug auf Ihre Gelder, und WorldsPayFI hat keine Kontrolle \u00fcber die Produkte oder Dienstleistungen, die von Ihnen an den H\u00e4ndler bezahlt werden, und haftet nicht daf\u00fcr.<br><strong>DIESER HAFTUNGSAUSSCHLUSS IST NICHT DAZU BESTIMMT, EINE DIENSTLEISTUNGS- ODER VERBRAUCHERBEZIEHUNG ZWISCHEN IHNEN UND WorldsPayFI zu begr\u00fcnden. Sie erkennen hiermit an und erkl\u00e4ren sich damit einverstanden, dass der einzige Zweck und Umfang von WorldsPayFI darin besteht, den Geldtransfer zwischen Ihnen und den H\u00e4ndlern als Zahlungsabwickler f\u00fcr die H\u00e4ndler zu erm\u00f6glichen, und dass WorldsPayFI keine Haftung f\u00fcr die Waren oder den Kauf zwischen dem H\u00e4ndler und Ihnen \u00fcbernimmt.<\/strong><br><strong>WorldsPayFI STELLT DEM H\u00c4NDLER DIE DIENSTE VON WorldsPayFI AUF EINER \u2018AS IS\u2019 BASIS ZUR VERF\u00dcGUNG UND LEHNT GEGEN\u00dcBER DEM H\u00c4NDLER JEGLICHE AUSDR\u00dcCKLICHE, STILLSCHWEIGENDE ODER GESETZLICHE GARANTIE, EINSCHLIESSLICH JEGLICHER STILLSCHWEIGENDEN GARANTIE DES TITELS, AB, GENAUIGKEIT, QUALIT\u00c4T, VOLLST\u00c4NDIGKEIT, RECHTZEITIGKEIT, REAKTIONSF\u00c4HIGKEIT, PRODUKTIVIT\u00c4T, NICHTVERLETZUNG VON RECHTEN, F\u00c4HIGKEIT ZUR LIZENZIERUNG, HANDELSF\u00c4HIGKEIT, EIGNUNG F\u00dcR EINEN BESTIMMTEN ZWECK ODER DASS DIESE DIENSTE FEHLERFREI SIND ODER OHNE UNTERBRECHUNG FUNKTIONIEREN.<\/strong><br><strong>6. HAFTUNGSBESCHR\u00c4NKUNGEN<\/strong><br><br>WorldsPayFI haftet nur f\u00fcr die Verpflichtungen, die ausdr\u00fccklich in diesem Haftungsausschluss aufgef\u00fchrt sind, soweit dies nach geltendem Recht zul\u00e4ssig ist. Sie erkl\u00e4ren sich damit einverstanden, dass alle Streitigkeiten, die sich aus den Online-Transaktionen ergeben, ausschlie\u00dflich zwischen Ihnen und dem Dritten, dem H\u00e4ndler und\/oder der Zahlungsmethode zu kl\u00e4ren sind, je nachdem.<br>Im vollen gesetzlich zul\u00e4ssigen Umfang haften die von WorldsPayFI entsch\u00e4digten Personen nicht f\u00fcr indirekte Sch\u00e4den, Folgesch\u00e4den, beil\u00e4ufig entstandene Sch\u00e4den, besondere Sch\u00e4den oder Sch\u00e4den mit Strafcharakter, einschlie\u00dflich Sch\u00e4den aus Gewinn- oder Umsatzverlusten, Gesch\u00e4ftsunterbrechungen, Verlust von Gesch\u00e4ftsm\u00f6glichkeiten, Datenverlusten oder dem Verlust anderer wirtschaftlicher Interessen, unabh\u00e4ngig davon, ob diese Sch\u00e4den durch Vertrag, Fahrl\u00e4ssigkeit, unerlaubte Handlung oder anderweitig aus der Nutzung oder Unf\u00e4higkeit im Rahmen dieses Haftungsausschlusses entstanden sind.<br>Die von WorldsPayFI entsch\u00e4digten Personen k\u00f6nnen nicht haftbar gemacht werden f\u00fcr Vers\u00e4umnisse, Verz\u00f6gerungen oder Ausf\u00e4lle bei der Erf\u00fcllung ihrer Verpflichtungen aus diesem Haftungsausschluss, die direkt oder indirekt auf Naturereignisse, Kr\u00e4fte oder Ursachen zur\u00fcckzuf\u00fchren sind, die au\u00dferhalb der Kontrolle von WorldsPayFI liegen.<br><strong>7. K\u00dcNDIGUNG<\/strong><br><br>WorldsPayFI ist berechtigt, die mit dem H\u00e4ndler vereinbarten WorldsPayFI-H\u00e4ndlerdienste ohne vorherige Benachrichtigung zu k\u00fcndigen, was zur Folge haben kann, dass Ihr Zugang zur Kassenseite, Anwendung und\/oder Software, auf der dieser Haftungsausschluss angezeigt wird, ausgesetzt oder ge\u00e4ndert wird.<br>Die Beendigung widerruft keine Zahlungsautorisierungen Dritter. Soweit es das Gesetz zul\u00e4sst, ist WorldsPayFI nicht verantwortlich f\u00fcr Verluste, Sch\u00e4den, Nachteile oder Folgen, einschlie\u00dflich Verz\u00f6gerungen oder Unannehmlichkeiten, die Sie infolge einer K\u00fcndigung erleiden k\u00f6nnen.<br><strong>8. GEISTIGES EIGENTUM<\/strong><br>Die Merchant Services von WorldsPayFI sind durch Gesetze zum Schutz des geistigen Eigentums gesch\u00fctzt. Die Nutzung der WorldsPayFI-H\u00e4ndlerdienste durch Sie verleiht Ihnen keinerlei Eigentumsrechte an diesen. WorldsPayFI's Merchant Services sind durch Marken-, Urheber-, Patent- und andere lokale Gesetze gesch\u00fctzt.<br>WorldsPayFI und seine Dienstleister behalten sich alle geistigen Eigentumsrechte, Titel und Interessen an den WorldsPayFI-H\u00e4ndlerservices vor. Ihre Nutzung der WorldsPayFI-H\u00e4ndlerdienste unterliegt diesem Haftungsausschluss, der Ihnen keine Rechte am geistigen Eigentum von WorldsPayFI oder dem geistigen Eigentum von WorldsPayFIs Lizenzgebern, Lizenznehmern oder Partnern gew\u00e4hrt.<br><br><strong>9. DOKUMENTAKTUALISIERUNGEN<\/strong><br>WorldsPayFI kann diesen Disclaimer gelegentlich \u00fcberarbeiten. Der \u00fcberarbeitete Disclaimer tritt an dem im \u00fcberarbeiteten Dokument angegebenen Datum in Kraft.<br><strong>10. GELTENDES RECHT<\/strong><br>Im Falle von Streitigkeiten oder Anspr\u00fcchen, die sich aus oder in Verbindung mit diesem Haftungsausschluss oder Ihrer Nutzung der WorldsPayFI-H\u00e4ndlerdienste ergeben, sind solche Streitigkeiten oder Anspr\u00fcche durch g\u00fctliche Verhandlungen zu l\u00f6sen.<br>F\u00fcr den Fall, dass derartige Streitigkeiten oder Anspr\u00fcche trotz angemessener Bem\u00fchungen nicht beigelegt werden k\u00f6nnen, erkl\u00e4ren Sie sich unwiderruflich damit einverstanden, dass die Angelegenheit an ein Schiedsgericht gem\u00e4\u00df der Schiedsgerichtsordnung des Singapore International Arbitration Center verwiesen und endg\u00fcltig entschieden wird.<br>Die Zahl der Schiedsrichter betr\u00e4gt eins. Der Sitz oder rechtliche Ort des Schiedsverfahrens ist Singapur. Die im Schiedsverfahren zu verwendende Sprache ist Englisch. Der vom Singapore International Arbitration Center erlassene Schiedsspruch ist endg\u00fcltig und f\u00fcr alle betroffenen Parteien verbindlich.<br>Dieser Haftungsausschluss unterliegt den Gesetzen von Singapur und wird nach diesen ausgelegt.<\/span>","protected":false},"excerpt":{"rendered":"<p>1. INTRODUCTIONThis General Disclaimer (\u201cDisclaimer\u201d) is binding on any natural person or legal entity (\u201cYou\u201d) who are redirected to a checkout webpage, application and\/or software to include Your payment information and where this Disclaimer is shown.This Disclaimer, together with the Data Handling Notice in Clause 9 below, governs WorldsPayFI\u2019s integrated check-out solution, optimized for providing&#8230;<\/p>","protected":false},"author":1,"featured_media":0,"parent":0,"menu_order":0,"comment_status":"closed","ping_status":"closed","template":"","meta":{"_kad_blocks_custom_css":"","_kad_blocks_head_custom_js":"","_kad_blocks_body_custom_js":"","_kad_blocks_footer_custom_js":"","_kad_post_transparent":"","_kad_post_title":"","_kad_post_layout":"normal","_kad_post_sidebar_id":"","_kad_post_content_style":"","_kad_post_vertical_padding":"","_kad_post_feature":"","_kad_post_feature_position":"","_kad_post_header":false,"_kad_post_footer":false,"footnotes":""},"class_list":["post-3203","page","type-page","status-publish","hentry"],"taxonomy_info":[],"featured_image_src_large":false,"author_info":{"display_name":"sdwzjt88@outlook.com","author_link":"https:\/\/dashboard.globalpay.top\/de\/author\/sdwzjt88outlook-com\/"},"comment_info":0,"_links":{"self":[{"href":"https:\/\/dashboard.globalpay.top\/de\/wp-json\/wp\/v2\/pages\/3203","targetHints":{"allow":["GET"]}}],"collection":[{"href":"https:\/\/dashboard.globalpay.top\/de\/wp-json\/wp\/v2\/pages"}],"about":[{"href":"https:\/\/dashboard.globalpay.top\/de\/wp-json\/wp\/v2\/types\/page"}],"author":[{"embeddable":true,"href":"https:\/\/dashboard.globalpay.top\/de\/wp-json\/wp\/v2\/users\/1"}],"replies":[{"embeddable":true,"href":"https:\/\/dashboard.globalpay.top\/de\/wp-json\/wp\/v2\/comments?post=3203"}],"version-history":[{"count":3,"href":"https:\/\/dashboard.globalpay.top\/de\/wp-json\/wp\/v2\/pages\/3203\/revisions"}],"predecessor-version":[{"id":3250,"href":"https:\/\/dashboard.globalpay.top\/de\/wp-json\/wp\/v2\/pages\/3203\/revisions\/3250"}],"wp:attachment":[{"href":"https:\/\/dashboard.globalpay.top\/de\/wp-json\/wp\/v2\/media?parent=3203"}],"curies":[{"name":"wp","href":"https:\/\/api.w.org\/{rel}","templated":true}]}}