

{"id":2617,"date":"2025-06-18T15:18:43","date_gmt":"2025-06-18T15:18:43","guid":{"rendered":"https:\/\/worldspayfi.com\/?page_id=2617"},"modified":"2026-03-15T08:51:20","modified_gmt":"2026-03-15T08:51:20","slug":"terms-and-conditions","status":"publish","type":"page","link":"https:\/\/dashboard.globalpay.top\/de\/terms-and-conditions\/","title":{"rendered":"Bedingungen und Konditionen"},"content":{"rendered":"<style>.wp-block-kadence-advancedheading.kt-adv-heading2617_88811f-a6, .wp-block-kadence-advancedheading.kt-adv-heading2617_88811f-a6[data-kb-block=\"kb-adv-heading2617_88811f-a6\"]{font-size:var(--global-kb-font-size-sm, 0.9rem);font-style:normal;}.wp-block-kadence-advancedheading.kt-adv-heading2617_88811f-a6 mark.kt-highlight, .wp-block-kadence-advancedheading.kt-adv-heading2617_88811f-a6[data-kb-block=\"kb-adv-heading2617_88811f-a6\"] mark.kt-highlight{font-style:normal;color:#f76a0c;-webkit-box-decoration-break:clone;box-decoration-break:clone;padding-top:0px;padding-right:0px;padding-bottom:0px;padding-left:0px;}<\/style>\n<div class=\"kt-adv-heading2617_88811f-a6 wp-block-kadence-advancedheading\" data-kb-block=\"kb-adv-heading2617_88811f-a6\"><strong>Zuletzt aktualisiert am 28. November 2024<\/strong><br><strong>WorldsPayFI DEFI Limited<\/strong>\u00a0und die mit ihr verbundenen Unternehmen (\u201c<strong>WorldsPayFI<\/strong>\u201d oder \u201c<strong>wir<\/strong>,\u201d oder \u201c<strong>us<\/strong>\u201d) machen diese Website (die \u201c<strong>Website<\/strong>\u201d), die Ihnen zu Ihrer pers\u00f6nlichen Information zur Verf\u00fcgung stehen. Sie k\u00f6nnen die Website gerne durchsuchen und anderweitig nutzen. Indem Sie auf die Website zugreifen und sie nutzen, akzeptieren Sie die folgenden Nutzungsbestimmungen (\u201c<strong>Nutzungsbedingungen<\/strong>\u201d) ohne Einschr\u00e4nkung oder Qualifikation. Wenn Sie mit diesen Nutzungsbedingungen nicht einverstanden sind, nutzen Sie die Website bitte nicht.<br>A. NUTZUNG DER WEBSITE<br>Sie erkl\u00e4ren sich damit einverstanden, die Website nur f\u00fcr die Zwecke zu nutzen, die gem\u00e4\u00df diesen Nutzungsbedingungen und den geltenden Gesetzen und Vorschriften zul\u00e4ssig sind.<br>Die Website und alle damit zusammenh\u00e4ngenden Inhalte sowie alle Rechte an geistigem Eigentum (einschlie\u00dflich aller Urheberrechte, Patente, Marken, Dienstleistungsmarken, Rechte an Design, Software und dem \u201cLook and Feel\u201d der Website sowie aller Anpassungen und \u00c4nderungen daran) an den vorgenannten (zusammenfassend als \u201c<strong>Inhalt<\/strong>\u201d), bleiben zu jeder Zeit das ausschlie\u00dfliche Eigentum von\u00a0<strong>WorldsPayFI<\/strong>\u00a0und seine Lizenzgeber.<br>Unter der Bedingung, dass Sie die vorliegenden Nutzungsbedingungen einhalten,\u00a0<strong>WorldsPayFI<\/strong>\u00a0gew\u00e4hrt Ihnen ein begrenztes, widerrufliches, nicht ausschlie\u00dfliches Recht, auf die Website zuzugreifen und sie f\u00fcr Ihren eigenen pers\u00f6nlichen Gebrauch zu nutzen. Sie sind nicht berechtigt, die Website und die darin enthaltene Software zu lizenzieren, neu zu ver\u00f6ffentlichen, zu vertreiben, zu kopieren, abzutreten, in Unterlizenz zu vergeben, zu \u00fcbertragen, zu verkaufen, zur\u00fcckzuentwickeln, zu disassemblieren, zu dekompilieren oder abgeleitete Werke davon zu erstellen oder Inhalte auf andere Weise als f\u00fcr den pers\u00f6nlichen Gebrauch zu nutzen. Alle anderen geistigen Eigentumsrechte und alle anderen Rechte oder Titel, die Ihnen nicht ausdr\u00fccklich im Rahmen dieser Nutzungsbedingungen gew\u00e4hrt werden, sind vorbehalten durch\u00a0<strong>WorldsPayFI<\/strong>\u00a0und seine Lizenzgeber. Jede Nutzung der Website, die \u00fcber die in diesen Nutzungsbedingungen ausdr\u00fccklich gew\u00e4hrten Rechte hinausgeht, ist strengstens untersagt und stellt einen Versto\u00df gegen diese Nutzungsbedingungen dar.<br>Die Website wurde ausschlie\u00dflich zu Informationszwecken erstellt und stellt weder eine Aufforderung noch ein Angebot, eine Beratung oder eine Empfehlung zum Abschluss einer Transaktion dar. Die auf dieser Website enthaltenen Informationen sollten nicht als Grundlage f\u00fcr Finanz- oder Investitionsentscheidungen dienen.<br>Sie verpflichten sich, nicht auf die Website zuzugreifen (oder zu versuchen, darauf zuzugreifen), au\u00dfer \u00fcber Ihren Browser oder \u00fcber die von uns bereitgestellte Schnittstelle. Sie stimmen auch zu, dass Sie sich nicht an Aktivit\u00e4ten beteiligen, die:<br>den Zugang eines Benutzers zur Website oder zur Website (oder zu den Servern und Netzwerken, die mit der Website verbunden sind) st\u00f6rt oder unterbricht;<br>Entfernt, umgeht, deaktiviert, besch\u00e4digt oder st\u00f6rt auf andere Weise sicherheitsrelevante Funktionen der Website;<br>eine andere Person oder Gesch\u00e4ftseinheit sch\u00e4digt; oder<br>gegen geltendes Recht verst\u00f6\u00dft (einschlie\u00dflich Gesetze in Bezug auf Publizit\u00e4t, Datenschutz, Verleumdung und Obsz\u00f6nit\u00e4t).<br>Sie stimmen ferner zu, dies nicht zu tun:<br>die Verwendung automatisierter Systeme (z. B. Bots, Spider usw.) f\u00fcr den Zweck oder die Durchf\u00fchrung von Aktivit\u00e4ten im Zusammenhang mit der \u00dcberwachung, dem Mining, dem Harvesting, der Extraktion, dem Kopieren oder der Zusammenstellung von Informationen auf der Website aus irgendeinem Grund; oder<br>kommerzielle Aktivit\u00e4ten, einschlie\u00dflich Verkauf, F\u00f6rderung, Werbung oder damit zusammenh\u00e4ngende Vereinbarungen in Bezug auf die Website oder den Inhalt ohne die ausdr\u00fcckliche Zustimmung von\u00a0<strong>WorldsPayFI<\/strong>.<br><strong>WorldsPayFI<\/strong>\u00a0beh\u00e4lt sich das Recht vor, nach eigenem Ermessen und ohne Vorank\u00fcndigung jedermann den Zugang zu dieser Website zu verweigern, und zwar aus beliebigen Gr\u00fcnden, einschlie\u00dflich der Verletzung dieser Nutzungsbedingungen, einschlie\u00dflich aller damit verbundenen Nutzungsrechte.<br>B. LINKS<br>Die Website kann Links zu anderen Websites enthalten, die von dieser Website v\u00f6llig unabh\u00e4ngig sind.\u00a0<strong>WorldsPayFI<\/strong>\u00a0kontrolliert oder bef\u00fcrwortet diese Websites nicht und ist weder f\u00fcr deren Produkte, Dienstleistungen oder Inhalte noch f\u00fcr die Richtigkeit oder Zuverl\u00e4ssigkeit der auf diesen Websites enthaltenen Informationen, Daten, Meinungen, Ratschl\u00e4ge oder Aussagen verantwortlich.<br>C. KEINE GEW\u00c4HRLEISTUNGEN<br>DIESE SEITE UND ALLE INHALTE DIESER SEITE WERDEN IHNEN OHNE M\u00c4NGELGEW\u00c4HR ZUR VERF\u00dcGUNG GESTELLT, OHNE JEGLICHE AUSDR\u00dcCKLICHE ODER STILLSCHWEIGENDE GARANTIE, EINSCHLIESSLICH JEGLICHER STILLSCHWEIGENDEN GARANTIE DER MARKTG\u00c4NGIGKEIT ODER EIGNUNG F\u00dcR EINEN BESTIMMTEN ZWECK, ODER DER GARANTIE DES EIGENTUMSRECHTS ODER DER NICHTVERLETZUNG VON RECHTEN. AUCH WENN\u00a0<strong>WorldsPayFI<\/strong>\u00a0BEM\u00dcHT SICH IN ANGEMESSENER WEISE, GENAUE UND AKTUELLE INFORMATIONEN AUF DER WEBSITE BEREITZUSTELLEN,\u00a0<strong>WorldsPayFI<\/strong>\u00a0GIBT KEINE GARANTIEN ODER ZUSICHERUNGEN IN BEZUG AUF IHRE RICHTIGKEIT UND \u00dcBERNIMMT KEINE HAFTUNG ODER VERANTWORTUNG F\u00dcR FEHLER ODER AUSLASSUNGEN IM INHALT DER WEBSITE.\u00a0<strong>WorldsPayFI<\/strong>\u00a0KANN ALLE INFORMATIONEN, INHALTE, DIENSTLEISTUNGEN, PROGRAMME UND TECHNOLOGIEN, DIE AUF DER WEBSITE BESCHRIEBEN SIND, OHNE VORANK\u00dcNDIGUNG \u00c4NDERN.<br>D. HAFTUNGSBESCHR\u00c4NKUNG<br>DIE NUTZUNG DER WEBSITE ERFOLGT AUF EIGENE GEFAHR. UNTER KEINEN UMST\u00c4NDEN DARF\u00a0<strong>WorldsPayFI<\/strong>, ODER EINER IHRER JEWEILIGEN LEITENDEN ANGESTELLTEN, DIREKTOREN, MANAGER, AKTION\u00c4RE, MITGLIEDER, ANGESTELLTEN, VERTRETER ODER AUFTRAGNEHMER F\u00dcR DIREKTE ODER INDIREKTE VERLUSTE ODER SCH\u00c4DEN HAFTBAR GEMACHT WERDEN, DIE SICH AUS ODER IN VERBINDUNG MIT DER NUTZUNG ODER DEM MISSBRAUCH ODER DER UNF\u00c4HIGKEIT ZUR NUTZUNG DER WEBSITE ODER JEGLICHER INHALTE ODER DIENSTLEISTUNGEN IM ZUSAMMENHANG MIT DER WEBSITE ERGEBEN. OHNE EINSCHR\u00c4NKUNG DES VORANGEHENDEN,\u00a0<strong>WorldsPayFI<\/strong>\u00a0\u00dcBERNIMMT KEINE VERANTWORTUNG UND IST NICHT HAFTBAR F\u00dcR VERLUSTE ODER SCH\u00c4DEN IM ZUSAMMENHANG MIT ODER VERURSACHT DURCH VIREN, DIE IHR GER\u00c4T ODER ANDERES EIGENTUM AUFGRUND IHRES ZUGRIFFS AUF ODER IHRER NUTZUNG DER WEBSITE BEFALLEN K\u00d6NNEN.\u00a0<strong>WorldsPayFI<\/strong>\u00a0KANN UND WIRD KEINEN KONTINUIERLICHEN, UNUNTERBROCHENEN ODER SICHEREN ZUGANG ZUR WEBSITE GARANTIEREN.<br>DIES IST EINE UMFASSENDE HAFTUNGSBESCHR\u00c4NKUNG, DIE F\u00dcR ALLE VERLUSTE UND SCH\u00c4DEN JEGLICHER ART GILT (OB ALLGEMEIN, SPEZIELL, ALS FOLGE, BEIL\u00c4UFIG, EXEMPLARISCH ODER ANDERWEITIG, EINSCHLIESSLICH DATEN-, EINKOMMENS-, FIRMENWERT-, GESCH\u00c4FTS- ODER GEWINNVERLUSTE), OB DURCH VERTRAG, FAHRL\u00c4SSIGKEIT, GROBE FAHRL\u00c4SSIGKEIT ODER ANDERE UNERLAUBTE HANDLUNGEN, AUCH WENN\u00a0<strong>WorldsPayFI<\/strong>\u00a0ODER IHRE VERTRETER VON DER M\u00d6GLICHKEIT SOLCHER SCH\u00c4DEN UNTERRICHTET WURDEN ODER DAVON H\u00c4TTEN WISSEN M\u00dcSSEN.<br>WENN SIE MIT DER WEBSITE ODER DEN INHALTEN ODER MIT DIESEN NUTZUNGSBEDINGUNGEN UNZUFRIEDEN SIND, BESTEHT IHR EINZIGES UND AUSSCHLIESSLICHES RECHTSMITTEL DARIN, DIE NUTZUNG DER WEBSITE ODER DER INHALTE EINZUSTELLEN.<br>SOLLTE EIN SCHIEDSRICHTER EINEN IN DIESEN NUTZUNGSBEDINGUNGEN ENTHALTENEN HAFTUNGSAUSSCHLUSS ODER EINE HAFTUNGSBESCHR\u00c4NKUNG F\u00dcR UNG\u00dcLTIG ODER NICHT DURCHSETZBAR ERKL\u00c4REN, SO WERDEN DIESE BESTIMMUNGEN NEU GEFASST, UND\u00a0<strong>WorldsPayFI<\/strong>\u2019DIE HAFTUNG DES UNTERNEHMENS IST AUF DIE NACH GELTENDEM RECHT ZUL\u00c4SSIGE H\u00d6CHSTGRENZE BESCHR\u00c4NKT.<br>E. HAFTUNG<br>Sie verpflichten sich zur Verteidigung, Entsch\u00e4digung und Freistellung\u00a0<strong>WorldsPayFI<\/strong>, und ihre jeweiligen leitenden Angestellten, Direktoren, Manager, Aktion\u00e4re, Mitglieder, Mitarbeiter, Vertreter und Auftragnehmer von und gegen alle Anspr\u00fcche, Verluste, Haftungen, Sch\u00e4den, Kosten und Ausgaben (einschlie\u00dflich, ohne Einschr\u00e4nkung, angemessener Anwaltsgeb\u00fchren), die sich aus Ihrer Nutzung der Website oder des Inhalts oder Ihrer Verletzung dieser Nutzungsbedingungen ergeben oder angeblich daraus resultieren, freizustellen. Diese Klausel \u00fcberdauert die Beendigung der vorliegenden Nutzungsbedingungen.<br>F. \u00c4NDERUNGEN DER BEDINGUNGEN<br>Wir behalten uns das Recht vor, diese Nutzungsbedingungen jederzeit und ohne vorherige Ank\u00fcndigung zu \u00e4ndern, zu erg\u00e4nzen oder zu aktualisieren. \u00c4nderungen treten unmittelbar nach ihrer Ver\u00f6ffentlichung auf der Website in Kraft. Ihre fortgesetzte Nutzung der Website nach der Ver\u00f6ffentlichung der \u00c4nderungen gilt als Anerkennung und Akzeptanz dieser Nutzungsbedingungen und ihrer \u00c4nderungen.<br>Um Zweifel auszuschlie\u00dfen, beziehen sich diese Nutzungsbedingungen auf Ihren Zugang zu und Ihre Nutzung der Website und gelten nicht f\u00fcr Ihre Nutzung von Diensten, die von\u00a0<strong>WorldsPayFI<\/strong>.<br>G. GELTENDES RECHT; SCHIEDSVERFAHREN<br>Diese Nutzungsbedingungen unterliegen den Gesetzen der\u00a0<strong>Republik Singapur<\/strong>, ohne R\u00fccksicht auf die Grunds\u00e4tze des Kollisionsrechts, die zur Anwendung der Gesetze einer anderen Rechtsordnung f\u00fchren w\u00fcrden. Alle Streitigkeiten, die sich aus oder in Verbindung mit diesen Nutzungsbedingungen ergeben, einschlie\u00dflich aller Fragen bez\u00fcglich des Bestehens, der G\u00fcltigkeit oder der Beendigung dieser Nutzungsbedingungen, werden an ein Schiedsgericht verwiesen und von diesem endg\u00fcltig entschieden.\u00a0<strong>Internationales Schiedsgerichtszentrum Singapur<\/strong>\u00a0gem\u00e4\u00df der Schiedsgerichtsordnung der\u00a0<strong>Internationales Schiedsgerichtszentrum Singapur<\/strong>\u00a0in der jeweils geltenden Fassung, die durch Verweis in diese Klausel einbezogen werden. Der Sitz des Schiedsgerichts ist Singapur. Das Schiedsgericht besteht aus einem (1) Schiedsrichter. Die Sprache des Schiedsverfahrens ist Englisch.<\/div>","protected":false},"excerpt":{"rendered":"<p>Last updated on 28 November 2024WorldsPayFI DEFI Limited\u00a0and its affiliated companies (\u201cWorldsPayFI\u201d or \u201cwe,\u201d or \u201cus\u201d) make this website (the \u201cSite\u201d) available to you for your personal information. Please feel free to browse and otherwise use the Site. By accessing and using the Site, you accept and agree to the following terms of use (\u201cTerms&#8230;<\/p>","protected":false},"author":1,"featured_media":0,"parent":0,"menu_order":0,"comment_status":"closed","ping_status":"closed","template":"","meta":{"_kad_blocks_custom_css":"","_kad_blocks_head_custom_js":"","_kad_blocks_body_custom_js":"","_kad_blocks_footer_custom_js":"","_kad_post_transparent":"","_kad_post_title":"","_kad_post_layout":"normal","_kad_post_sidebar_id":"","_kad_post_content_style":"","_kad_post_vertical_padding":"","_kad_post_feature":"","_kad_post_feature_position":"","_kad_post_header":false,"_kad_post_footer":false,"footnotes":""},"class_list":["post-2617","page","type-page","status-publish","hentry"],"taxonomy_info":[],"featured_image_src_large":false,"author_info":{"display_name":"sdwzjt88@outlook.com","author_link":"https:\/\/dashboard.globalpay.top\/de\/author\/sdwzjt88outlook-com\/"},"comment_info":0,"_links":{"self":[{"href":"https:\/\/dashboard.globalpay.top\/de\/wp-json\/wp\/v2\/pages\/2617","targetHints":{"allow":["GET"]}}],"collection":[{"href":"https:\/\/dashboard.globalpay.top\/de\/wp-json\/wp\/v2\/pages"}],"about":[{"href":"https:\/\/dashboard.globalpay.top\/de\/wp-json\/wp\/v2\/types\/page"}],"author":[{"embeddable":true,"href":"https:\/\/dashboard.globalpay.top\/de\/wp-json\/wp\/v2\/users\/1"}],"replies":[{"embeddable":true,"href":"https:\/\/dashboard.globalpay.top\/de\/wp-json\/wp\/v2\/comments?post=2617"}],"version-history":[{"count":4,"href":"https:\/\/dashboard.globalpay.top\/de\/wp-json\/wp\/v2\/pages\/2617\/revisions"}],"predecessor-version":[{"id":3469,"href":"https:\/\/dashboard.globalpay.top\/de\/wp-json\/wp\/v2\/pages\/2617\/revisions\/3469"}],"wp:attachment":[{"href":"https:\/\/dashboard.globalpay.top\/de\/wp-json\/wp\/v2\/media?parent=2617"}],"curies":[{"name":"wp","href":"https:\/\/api.w.org\/{rel}","templated":true}]}}